{"id":947,"date":"2025-03-21T17:20:27","date_gmt":"2025-03-21T17:20:27","guid":{"rendered":"https:\/\/yves-oloume.com\/?page_id=947"},"modified":"2025-03-21T17:53:30","modified_gmt":"2025-03-21T17:53:30","slug":"carcass-panel-system","status":"publish","type":"page","link":"https:\/\/yves-oloume.com\/fr\/carcass-panel-system\/","title":{"rendered":"Syst\u00e8me de panneaux \u00e0 carcasse"},"content":{"rendered":"<section class=\"kc-elm kc-css-899005 kc_row\"><div class=\"kc-row-container  kc-container\"><div class=\"kc-wrap-columns\"><div class=\"kc-elm kc-css-287622 kc_col-sm-12 kc_column kc_col-sm-12\"><div class=\"kc-col-container\">    <div class=\"section-title-area  section-title-area-6a0731fec5480\">\r\n      <div class=\"container\">\r\n              <div class=\"row\">\r\n          <div class=\"col col-md-12\">\r\n              <div class=\"section-title\">\r\n                                       <h2>Section transversale du syst\u00e8me de panneau de carcasse<\/h2>\r\n                                 <\/div>\r\n          <\/div>\r\n        <\/div>\r\n          <\/div>\r\n  <\/div>\r\n   <div class=\"kc-elm kc-css-922691 kc_shortcode kc_single_image\">\n\n        <img decoding=\"async\" src=\"https:\/\/yves-oloume.com\/wp-content\/uploads\/2025\/03\/karkasli-panel-sistem.jpg\" class=\"\" alt=\"\" \/>    <\/div>\n<\/div><\/div><\/div><\/div><\/section><section class=\"kc-elm kc-css-235673 kc_row\"><div class=\"kc-row-container  kc-container\"><div class=\"kc-wrap-columns\"><div class=\"kc-elm kc-css-987108 kc_col-sm-12 kc_column kc_col-sm-12\"><div class=\"kc-col-container\"><div class=\"kc-elm kc-css-103307\" style=\"height: 51px; clear: both; width:100%;\"><\/div><\/div><\/div><\/div><\/div><\/section><section class=\"kc-elm kc-css-22966 kc_row\"><div class=\"kc-row-container  kc-container\"><div class=\"kc-wrap-columns\"><div class=\"kc-elm kc-css-824362 kc_col-sm-12 kc_column kc_col-sm-12\"><div class=\"kc-col-container\">      <section class=\"ndrst-feature features-section  ndrst-feature-6a0731fec5a23\">\r\n      <div class=\"row\">\r\n          <div class=\"col col-xs-12\">\r\n              <div class=\"feature-grids clearfix\">\r\n                                   <div class=\"grid\">\r\n                      <div class=\"img-holder\">\r\n                          <img decoding=\"async\" src=\"https:\/\/yves-oloume.com\/wp-content\/uploads\/2025\/03\/construction-site.png\" alt=\"\">\r\n                      <\/div>\r\n                      <h3>Construction<\/h3>\r\n                      <p>C\u2019est un syst\u00e8me de construction au sein duquel sont fond\u00e9es les pannes, les ciseaux, les ch\u00e2ssis, les colonnes et les poutres avec la combinaison des Yap\u0131 Pan et des panels sandwichs avec les profil\u00e9s en H et les raccords boulonn\u00e9s.<\/p>\r\n                  <\/div>\r\n                                  <div class=\"grid\">\r\n                      <div class=\"img-holder\">\r\n                          <img decoding=\"async\" src=\"https:\/\/yves-oloume.com\/wp-content\/uploads\/2025\/03\/wall.png\" alt=\"\">\r\n                      <\/div>\r\n                      <h3>Mur<\/h3>\r\n                      <p>Le syst\u00e8me porteur est en profil\u00e9s en H en acier galvanis\u00e9. Les murs int\u00e9rieurs et ext\u00e9rieurs sont en panels sandwichs ;\nOptionnel\n\t\u2022\tT\u00f4le galvanis\u00e9 peint + EPS + T\u00f4le galvanis\u00e9+ peint\n\t\u2022\tT\u00f4le galvanis\u00e9 peint + EPS + Panneau de Ciment Naturel HekimBoard\n\t\u2022\tPanneau de Ciment Naturel HekimBoard + EPS + Panneau de Ciment Naturel HekimBoard\n\t\u2022\tT\u00f4le galvanis\u00e9 peint + Laine de roche + T\u00f4le galvanis\u00e9 peint\n\t\u2022\tT\u00f4le galvanis\u00e9 peint + Laine de roche + Panneau de Ciment Naturel HekimBoard<\/p>\r\n                  <\/div>\r\n                                  <div class=\"grid\">\r\n                      <div class=\"img-holder\">\r\n                          <img decoding=\"async\" src=\"https:\/\/yves-oloume.com\/wp-content\/uploads\/2025\/03\/roof.png\" alt=\"\">\r\n                      <\/div>\r\n                      <h3>Toit<\/h3>\r\n                      <p>Le toit dont le syst\u00e8me porteur est en profil\u00e9 en acier galvanis\u00e9 est rev\u00eatu en t\u00f4le en trap\u00e8ze galvanis\u00e9 naturel .\nOptionnel\n\t\u2022\tT\u00f4le en trap\u00e8ze galvanis\u00e9 peint\n\t\u2022\tPanel de toit Sandwich Hekim\n\t\u2022\tRev\u00eatement \u00e0 base de bitume de haute qualit\u00e9\n\t\u2022\tRev\u00eatement de Panneau ondul\u00e9 et \u00e0 bitume\n\t\u2022\tMembrane \u00e0 motif imprim\u00e9\n\t\u2022\tTuiles m\u00e9talliques\n\t\u2022\tGoutti\u00e8res et descentes pluviales en PVC \/ en m\u00e9tal<\/p>\r\n                  <\/div>\r\n                                  <div class=\"grid\">\r\n                      <div class=\"img-holder\">\r\n                          <img decoding=\"async\" src=\"https:\/\/yves-oloume.com\/wp-content\/uploads\/2025\/03\/paint-roller.png\" alt=\"\">\r\n                      <\/div>\r\n                      <h3>Peinture<\/h3>\r\n                      <p>Il est utilis\u00e9 la peinture \u00e0 silicone Hekim au niveau des surfaces \u00e0 panneaux de Ciment Naturel HekimBoard. Milieu int\u00e9rieur; il est utilis\u00e9 la peinture en plastique Hekim au niveau des surfaces \u00e0 Panneau de Ciment Naturel HekimBoard. Il est utilis\u00e9 la peinture en plastique Hekim au niveau de l\u2019espace int\u00e9rieur.\u2028Les profil\u00e9s en H des panels sandwichs recouverts de t\u00f4le galvanis\u00e9 peint sont de peinture de four.\nOptionnel\n\t\u2022\tPeinture satin\u00e9e\n\t\u2022\tPatin\u00e9<\/p>\r\n                  <\/div>\r\n                              <\/div>\r\n          <\/div>\r\n      <\/div>\r\n  <\/section>\r\n  <\/div><\/div><\/div><\/div><\/section><section class=\"kc-elm kc-css-696961 kc_row\"><div class=\"kc-row-container  kc-container\"><div class=\"kc-wrap-columns\"><div class=\"kc-elm kc-css-235875 kc_col-sm-12 kc_column kc_col-sm-12\"><div class=\"kc-col-container\">      <section class=\"ndrst-feature features-section  ndrst-feature-6a0731fec605b\">\r\n      <div class=\"row\">\r\n          <div class=\"col col-xs-12\">\r\n              <div class=\"feature-grids clearfix\">\r\n                                   <div class=\"grid\">\r\n                      <div class=\"img-holder\">\r\n                          <img decoding=\"async\" src=\"https:\/\/yves-oloume.com\/wp-content\/uploads\/2025\/03\/temperature.png\" alt=\"\">\r\n                      <\/div>\r\n                      <h3>Isolation<\/h3>\r\n                      <p>HekimPor (EPS) est utilis\u00e9 au niveau de l\u2019isolation des panels muraux, La laine de verre de matelas est utilis\u00e9e par ailleurs au niveau de l\u2019isolation du toit.\nOptionnel\nMur\n\t\u2022\tLaine de roche\nToit\n\t\u2022\tLaine de roche\r\n<\/p>\r\n                  <\/div>\r\n                                  <div class=\"grid\">\r\n                      <div class=\"img-holder\">\r\n                          <img decoding=\"async\" src=\"https:\/\/yves-oloume.com\/wp-content\/uploads\/2025\/03\/opened-door-aperture.png\" alt=\"\">\r\n                      <\/div>\r\n                      <h3>Portes<\/h3>\r\n                      <p>La porte ext\u00e9rieure est une porte en t\u00f4le galvanis\u00e9 et poss\u00e8de une serrure cylindrique.\u2028Les portes int\u00e9rieures sont recouvertes de MDF- Lam.\nOptionnel\nPorte Ext\u00e9rieure\n\t\u2022\tAluminium\n\t\u2022\tAcier\n\t\u2022\tPVC\n\t\u2022\tPorte r\u00e9sistant au feu\nPortes Int\u00e9rieures\n\t\u2022\tAluminium\n\t\u2022\tPorte am\u00e9ricaine (Caisse en t\u00f4le ou en bois)\n\t\u2022\tPVC\n\t\u2022\tPorte r\u00e9sistant au feu\r\n<\/p>\r\n                  <\/div>\r\n                                  <div class=\"grid\">\r\n                      <div class=\"img-holder\">\r\n                          <img decoding=\"async\" src=\"https:\/\/yves-oloume.com\/wp-content\/uploads\/2025\/03\/window.png\" alt=\"\">\r\n                      <\/div>\r\n                      <h3>Windows<\/h3>\r\n                      <p>C\u2019est une menuiserie en PVC \u00e0 double vitre, de couleur blanche.\nOptionnel\n\t\u2022\tMenuiserie en PVC en couleur et \u00e0 dessin en bois\n\t\u2022\tMenuiserie en aluminium en couleur et \u00e0 dessin en bois\n\t\u2022\tMenuiserie coulissante ou guillotine\n\t\u2022\tMenuiserie \u00e0 double axe\n\t\u2022\tMenuiserie en aluminium \u00e0 isolation thermique\n\t\u2022\tStores en aluminium ou en PVC\n\t\u2022\tMoustiquaire\r\n<\/p>\r\n                  <\/div>\r\n                                  <div class=\"grid\">\r\n                      <div class=\"img-holder\">\r\n                          <img decoding=\"async\" src=\"https:\/\/yves-oloume.com\/wp-content\/uploads\/2025\/03\/insulator.png\" alt=\"\">\r\n                      <\/div>\r\n                      <h3>Installation \u00e9lectrique<\/h3>\r\n                      <p>L\u2019installation \u00e9lectrique se compose d\u2019appareils d\u2019\u00e9clairage, d\u2019interrupteurs, de prises, de c\u00e2bles \u2013 canaux de c\u00e2bles, de fusibles \u2013 bo\u00eete \u00e0 fusibles et de disjoncteurs.\nL\u2019installation est mont\u00e9e en surface.\n\nOptionnel\n\n- Installation encastr\u00e9e\n-Ligne t\u00e9l\u00e9phonique\n- Ligne de donn\u00e9es\n-ASI\n-T\u00c9L\u00c9\n- Syst\u00e8me de d\u00e9tection d\u2019incendie\n- Syst\u00e8mes d\u2019alarme et de b\u00e2timents intelligents<\/p>\r\n                  <\/div>\r\n                              <\/div>\r\n          <\/div>\r\n      <\/div>\r\n  <\/section>\r\n  <\/div><\/div><\/div><\/div><\/section><section class=\"kc-elm kc-css-687815 kc_row\"><div class=\"kc-row-container  kc-container\"><div class=\"kc-wrap-columns\"><div class=\"kc-elm kc-css-849132 kc_col-sm-12 kc_column kc_col-sm-12\"><div class=\"kc-col-container\">      <section class=\"ndrst-feature features-section  ndrst-feature-6a0731fec6537\">\r\n      <div class=\"row\">\r\n          <div class=\"col col-xs-12\">\r\n              <div class=\"feature-grids clearfix\">\r\n                                   <div class=\"grid\">\r\n                      <div class=\"img-holder\">\r\n                          <img decoding=\"async\" src=\"https:\/\/yves-oloume.com\/wp-content\/uploads\/2025\/03\/water-tap.png\" alt=\"\">\r\n                      <\/div>\r\n                      <h3>Installation sanitaire<\/h3>\r\n                      <p>Elle est constitu\u00e9e d\u2019armatures d\u2019\u00e9clairage, d\u2019interrupteurs, de prises, de c\u00e2ble et des r\u00e9seaux de c\u00e2bles, de fusibles et de boites de fusibles et de relais de courant de fuite.\u2028L\u2019installation est au dessus de l\u2019enduit.\nOptionnel\n\t\u2022\tInstallation en dessous de l\u2019enduit\n\t\u2022\tT\u00e9l\u00e9phone\n\t\u2022\tData\n\t\u2022\tUPS\n\t\u2022\tTV\n\t\u2022\tSyst\u00e8me de d\u00e9tection d\u2019incendie\n\t\u2022\tSyst\u00e8me d\u2019alarme et de construction intelligents<\/p>\r\n                  <\/div>\r\n                              <\/div>\r\n          <\/div>\r\n      <\/div>\r\n  <\/section>\r\n  <\/div><\/div><\/div><\/div><\/section>","protected":false},"excerpt":{"rendered":"","protected":false},"author":1,"featured_media":0,"parent":0,"menu_order":0,"comment_status":"closed","ping_status":"closed","template":"","meta":{"footnotes":""},"class_list":["post-947","page","type-page","status-publish","hentry"],"_links":{"self":[{"href":"https:\/\/yves-oloume.com\/fr\/wp-json\/wp\/v2\/pages\/947","targetHints":{"allow":["GET"]}}],"collection":[{"href":"https:\/\/yves-oloume.com\/fr\/wp-json\/wp\/v2\/pages"}],"about":[{"href":"https:\/\/yves-oloume.com\/fr\/wp-json\/wp\/v2\/types\/page"}],"author":[{"embeddable":true,"href":"https:\/\/yves-oloume.com\/fr\/wp-json\/wp\/v2\/users\/1"}],"replies":[{"embeddable":true,"href":"https:\/\/yves-oloume.com\/fr\/wp-json\/wp\/v2\/comments?post=947"}],"version-history":[{"count":7,"href":"https:\/\/yves-oloume.com\/fr\/wp-json\/wp\/v2\/pages\/947\/revisions"}],"predecessor-version":[{"id":964,"href":"https:\/\/yves-oloume.com\/fr\/wp-json\/wp\/v2\/pages\/947\/revisions\/964"}],"wp:attachment":[{"href":"https:\/\/yves-oloume.com\/fr\/wp-json\/wp\/v2\/media?parent=947"}],"curies":[{"name":"wp","href":"https:\/\/api.w.org\/{rel}","templated":true}]}}