{"id":931,"date":"2025-03-19T20:18:15","date_gmt":"2025-03-19T20:18:15","guid":{"rendered":"https:\/\/yves-oloume.com\/?page_id=931"},"modified":"2025-03-19T20:18:55","modified_gmt":"2025-03-19T20:18:55","slug":"our-ohs-policy","status":"publish","type":"page","link":"https:\/\/yves-oloume.com\/fr\/our-ohs-policy\/","title":{"rendered":"Notre politique en mati\u00e8re de SST"},"content":{"rendered":"<section class=\"kc-elm kc-css-802937 kc_row\"><div class=\"kc-row-container  kc-container\"><div class=\"kc-wrap-columns\"><div class=\"kc-elm kc-css-158351 kc_col-sm-12 kc_column kc_col-sm-12\"><div class=\"kc-col-container\"><div class=\"kc-elm kc-css-490208 kc_text_block\"><p><span style=\"color: #777777; font-family: 'Open Sans', Arial, sans-serif; font-size: 13px;\">Pour toutes les \u00e9tapes qui sont r\u00e9alis\u00e9es dans les installations du corps de notre entreprise, nous consid\u00e9rons que l\u2019humain doit travailler dans un environnement sain et s\u00fbr, digne du niveau de la civilisation contemporaine, comme base. \u00c0 cette fin, nous tenons compte des conditions sociales, hygi\u00e9niques et ergonomiques, d\u00e9terminons nos risques et \u00e9laborons et mettons en \u0153uvre des mesures de protection contre les blessures et les maladies afin de r\u00e9duire nos risques \u00e0 des niveaux acceptables. Nous r\u00e9partissons les mesures dans toute l\u2019entreprise et assurons sa continuit\u00e9. Nous formons, informons ou supervisons nos employ\u00e9s et les personnes qui leur sont li\u00e9es contre les risques, et nous am\u00e9liorons continuellement notre syst\u00e8me de sant\u00e9 et de s\u00e9curit\u00e9 au travail.<\/span><\/p>\n<\/div><\/div><\/div><\/div><\/div><\/section><section class=\"kc-elm kc-css-499832 kc_row\"><div class=\"kc-row-container  kc-container\"><div class=\"kc-wrap-columns\"><div class=\"kc-elm kc-css-182472 kc_col-sm-12 kc_column kc_col-sm-12\"><div class=\"kc-col-container\"><div class=\"kc-elm kc-css-360048\" style=\"height: 55px; clear: both; width:100%;\"><\/div><\/div><\/div><\/div><\/div><\/section>","protected":false},"excerpt":{"rendered":"","protected":false},"author":1,"featured_media":0,"parent":0,"menu_order":0,"comment_status":"closed","ping_status":"closed","template":"","meta":{"footnotes":""},"class_list":["post-931","page","type-page","status-publish","hentry"],"_links":{"self":[{"href":"https:\/\/yves-oloume.com\/fr\/wp-json\/wp\/v2\/pages\/931","targetHints":{"allow":["GET"]}}],"collection":[{"href":"https:\/\/yves-oloume.com\/fr\/wp-json\/wp\/v2\/pages"}],"about":[{"href":"https:\/\/yves-oloume.com\/fr\/wp-json\/wp\/v2\/types\/page"}],"author":[{"embeddable":true,"href":"https:\/\/yves-oloume.com\/fr\/wp-json\/wp\/v2\/users\/1"}],"replies":[{"embeddable":true,"href":"https:\/\/yves-oloume.com\/fr\/wp-json\/wp\/v2\/comments?post=931"}],"version-history":[{"count":3,"href":"https:\/\/yves-oloume.com\/fr\/wp-json\/wp\/v2\/pages\/931\/revisions"}],"predecessor-version":[{"id":934,"href":"https:\/\/yves-oloume.com\/fr\/wp-json\/wp\/v2\/pages\/931\/revisions\/934"}],"wp:attachment":[{"href":"https:\/\/yves-oloume.com\/fr\/wp-json\/wp\/v2\/media?parent=931"}],"curies":[{"name":"wp","href":"https:\/\/api.w.org\/{rel}","templated":true}]}}