{"id":926,"date":"2025-03-19T20:15:50","date_gmt":"2025-03-19T20:15:50","guid":{"rendered":"https:\/\/yves-oloume.com\/?page_id=926"},"modified":"2025-04-09T18:33:10","modified_gmt":"2025-04-09T18:33:10","slug":"environmental-policy","status":"publish","type":"page","link":"https:\/\/yves-oloume.com\/fr\/environmental-policy\/","title":{"rendered":"Politique de l\u2019environnement"},"content":{"rendered":"<section class=\"kc-elm kc-css-37617 kc_row\"><div class=\"kc-row-container  kc-container\"><div class=\"kc-wrap-columns\"><div class=\"kc-elm kc-css-260668 kc_col-sm-12 kc_column kc_col-sm-12\"><div class=\"kc-col-container\"><div class=\"kc-elm kc-css-752040 kc_text_block\"><p><span style=\"color: #777777; font-family: 'Open Sans', Arial, sans-serif; font-size: 13px;\">\u00c0 des fins de protection de l\u2019environnement et de maintien de sa continuit\u00e9, pour prot\u00e9ger notre environnement ; en am\u00e9liorant notre performance environnementale et en respectant les l\u00e9gislations et r\u00e8glements en mati\u00e8re de protection de l\u2019environnement ; Laisser un environnement propre et vivable pour les g\u00e9n\u00e9rations futures, en contr\u00f4lant l\u2019impact environnemental et en actualisant, \u00e0 travers cette prise de conscience, toute l\u2019activit\u00e9 de production dans son ensemble avec le d\u00e9veloppement durable et la protection de l\u2019environnement.<\/span><\/p>\n<h3 style=\"box-sizing: border-box; margin: 0px 0px 10px; padding: 0px; border: 0px; vertical-align: baseline; font-weight: normal; line-height: 22px; font-size: 16px; color: #777777; font-family: 'Open Sans', Arial, sans-serif;\">Activit\u00e9s \u00e0 r\u00e9aliser pour mettre en \u0153uvre notre politique<\/h3>\n<div class=\"row\" style=\"box-sizing: border-box; margin: 0px -15px; padding: 0px; border: 0px; vertical-align: baseline; color: #777777; font-family: 'Open Sans', Arial, sans-serif; font-size: 13px;\">\n<ul>\n<li>Assurer le d\u00e9veloppement et l\u2019am\u00e9lioration continus en r\u00e9pondant \u00e0 toutes les g\u00e9n\u00e9ralisations l\u00e9gales et aux exigences l\u00e9gales et des clients li\u00e9es aux dimensions environnementales.<\/li>\n<li>Assurer la protection des ressources naturelles en r\u00e9duisant l\u2019utilisation de mati\u00e8res premi\u00e8res, en utilisant des technologies appropri\u00e9es qui pr\u00e9sentent le moins de dommages pour l\u2019environnement dans le cadre des opportunit\u00e9s techniques et \u00e9conomiques.<\/li>\n<li>Prise en compte des impacts environnementaux dans la conception des usines et des proc\u00e9d\u00e9s.<\/li>\n<li>Am\u00e9liorer notre syst\u00e8me de gestion environnementale afin d\u2019am\u00e9liorer continuellement notre performance environnementale.<\/li>\n<li>Sensibiliser nos sous-traitants et les populations locales \u00e0 nos responsabilit\u00e9s vis-\u00e0-vis de l\u2019environnement et les amener \u00e0 y participer.<\/li>\n<li>Afin d\u2019am\u00e9liorer l\u2019impact environnemental de nos produits, de contribuer \u00e0 la sensibilisation \u00e0 l\u2019environnement dans le cadre du cycle de vie, dans le cadre d\u2019une coop\u00e9ration et d\u2019une communication continues.<\/li>\n<li>R\u00e9duire les risques d\u2019urgence qui peuvent survenir dans le cadre des r\u00e8gles de sant\u00e9 et de s\u00e9curit\u00e9 au travail, et \u00e9tablir la sant\u00e9, la s\u00e9curit\u00e9 et l\u2019int\u00e9grit\u00e9 environnementale.<\/li>\n<\/ul>\n<\/div>\n<\/div><div class=\"kc-elm kc-css-404177\" style=\"height: 51px; clear: both; width:100%;\"><\/div><\/div><\/div><\/div><\/div><\/section>","protected":false},"excerpt":{"rendered":"","protected":false},"author":1,"featured_media":0,"parent":0,"menu_order":0,"comment_status":"closed","ping_status":"closed","template":"","meta":{"footnotes":""},"class_list":["post-926","page","type-page","status-publish","hentry"],"_links":{"self":[{"href":"https:\/\/yves-oloume.com\/fr\/wp-json\/wp\/v2\/pages\/926","targetHints":{"allow":["GET"]}}],"collection":[{"href":"https:\/\/yves-oloume.com\/fr\/wp-json\/wp\/v2\/pages"}],"about":[{"href":"https:\/\/yves-oloume.com\/fr\/wp-json\/wp\/v2\/types\/page"}],"author":[{"embeddable":true,"href":"https:\/\/yves-oloume.com\/fr\/wp-json\/wp\/v2\/users\/1"}],"replies":[{"embeddable":true,"href":"https:\/\/yves-oloume.com\/fr\/wp-json\/wp\/v2\/comments?post=926"}],"version-history":[{"count":5,"href":"https:\/\/yves-oloume.com\/fr\/wp-json\/wp\/v2\/pages\/926\/revisions"}],"predecessor-version":[{"id":929,"href":"https:\/\/yves-oloume.com\/fr\/wp-json\/wp\/v2\/pages\/926\/revisions\/929"}],"wp:attachment":[{"href":"https:\/\/yves-oloume.com\/fr\/wp-json\/wp\/v2\/media?parent=926"}],"curies":[{"name":"wp","href":"https:\/\/api.w.org\/{rel}","templated":true}]}}