{"id":918,"date":"2025-03-19T20:12:03","date_gmt":"2025-03-19T20:12:03","guid":{"rendered":"https:\/\/yves-oloume.com\/?page_id=918"},"modified":"2025-03-19T20:12:21","modified_gmt":"2025-03-19T20:12:21","slug":"human-resources","status":"publish","type":"page","link":"https:\/\/yves-oloume.com\/fr\/human-resources\/","title":{"rendered":"Ressources humaines"},"content":{"rendered":"<section class=\"kc-elm kc-css-898276 kc_row\"><div class=\"kc-row-container  kc-container\"><div class=\"kc-wrap-columns\"><div class=\"kc-elm kc-css-556006 kc_col-sm-12 kc_column kc_col-sm-12\"><div class=\"kc-col-container\">    <div class=\"section-title-area  section-title-area-6a0731cd9774a\">\r\n      <div class=\"container\">\r\n              <div class=\"row\">\r\n          <div class=\"col col-md-12\">\r\n              <div class=\"section-title\">\r\n                                       <p>Notre entreprise fait de son mieux pour jouer son r\u00f4le de leader dans le secteur de la construction comp\u00e9titif et en d\u00e9veloppement continu gr\u00e2ce aux contributions de nos employ\u00e9s.\nNotre objectif est d\u2019accro\u00eetre la cr\u00e9ativit\u00e9 et la motivation de nos employ\u00e9s au plus haut niveau possible et de leur offrir des opportunit\u00e9s de d\u00e9veloppement de carri\u00e8re. \u00c0 cette fin, nous investissons dans les processus et travaillons en fonction du client, et nous cr\u00e9ons et d\u00e9veloppons de nouveaux mod\u00e8les organisationnels.\n\nVeuillez remplir le formulaire de candidature en ressources humaines pour postuler aux postes vacants dans notre entreprise.<\/p>\r\n                                <\/div>\r\n          <\/div>\r\n        <\/div>\r\n          <\/div>\r\n  <\/div>\r\n   <\/div><\/div><\/div><\/div><\/section>","protected":false},"excerpt":{"rendered":"","protected":false},"author":1,"featured_media":0,"parent":0,"menu_order":0,"comment_status":"closed","ping_status":"closed","template":"","meta":{"footnotes":""},"class_list":["post-918","page","type-page","status-publish","hentry"],"_links":{"self":[{"href":"https:\/\/yves-oloume.com\/fr\/wp-json\/wp\/v2\/pages\/918","targetHints":{"allow":["GET"]}}],"collection":[{"href":"https:\/\/yves-oloume.com\/fr\/wp-json\/wp\/v2\/pages"}],"about":[{"href":"https:\/\/yves-oloume.com\/fr\/wp-json\/wp\/v2\/types\/page"}],"author":[{"embeddable":true,"href":"https:\/\/yves-oloume.com\/fr\/wp-json\/wp\/v2\/users\/1"}],"replies":[{"embeddable":true,"href":"https:\/\/yves-oloume.com\/fr\/wp-json\/wp\/v2\/comments?post=918"}],"version-history":[{"count":3,"href":"https:\/\/yves-oloume.com\/fr\/wp-json\/wp\/v2\/pages\/918\/revisions"}],"predecessor-version":[{"id":921,"href":"https:\/\/yves-oloume.com\/fr\/wp-json\/wp\/v2\/pages\/918\/revisions\/921"}],"wp:attachment":[{"href":"https:\/\/yves-oloume.com\/fr\/wp-json\/wp\/v2\/media?parent=918"}],"curies":[{"name":"wp","href":"https:\/\/api.w.org\/{rel}","templated":true}]}}