{"id":914,"date":"2025-03-19T20:09:14","date_gmt":"2025-03-19T20:09:14","guid":{"rendered":"https:\/\/yves-oloume.com\/?page_id=914"},"modified":"2025-03-19T20:11:07","modified_gmt":"2025-03-19T20:11:07","slug":"social-resposibility","status":"publish","type":"page","link":"https:\/\/yves-oloume.com\/fr\/social-resposibility\/","title":{"rendered":"Responsabilit\u00e9 sociale"},"content":{"rendered":"<section class=\"kc-elm kc-css-875312 kc_row\"><div class=\"kc-row-container  kc-container\"><div class=\"kc-wrap-columns\"><div class=\"kc-elm kc-css-103866 kc_col-sm-12 kc_column kc_col-sm-12\"><div class=\"kc-col-container\">    <div class=\"section-title-area  section-title-area-6a0733c589ed8\">\r\n      <div class=\"container\">\r\n              <div class=\"row\">\r\n          <div class=\"col col-md-12\">\r\n              <div class=\"section-title\">\r\n                                       <p>Yves Oloume SARL s\u2019est donn\u00e9 pour principe de redonner \u00e0 la communaut\u00e9 ce qu\u2019il a re\u00e7u de la communaut\u00e9 par le biais des investissements qu\u2019il fait pour la communaut\u00e9 depuis leur cr\u00e9ation et il continue d\u2019offrir des avantages sociaux avec leurs contributions dans les domaines de la culture, des sports, de la sant\u00e9 et de l\u2019\u00e9ducation. Il s\u2019agit d\u2019une prise de conscience importante pour tous nos employ\u00e9s au sein de notre holding de faire partie des projets de responsabilit\u00e9 sociale dans l\u2019int\u00e9r\u00eat du d\u00e9veloppement et de la p\u00e9rennit\u00e9 de notre soci\u00e9t\u00e9 dans le cadre de la modestie, de la parent\u00e9 avec le public et du respect des personnes. Voici quelques-uns des projets que nous avons men\u00e9s \u00e0 bien dans ce cadre :<\/p>\r\n                                <\/div>\r\n          <\/div>\r\n        <\/div>\r\n          <\/div>\r\n  <\/div>\r\n   <\/div><\/div><\/div><\/div><\/section><section class=\"kc-elm kc-css-898993 kc_row\"><div class=\"kc-row-container  kc-container\"><div class=\"kc-wrap-columns\"><div class=\"kc-elm kc-css-445009 kc_col-sm-6 kc_column kc_col-sm-6\"><div class=\"kc-col-container\"><div class=\"kc-elm kc-css-377057 kc_text_block\"><p>Projets<\/p>\n<\/div><\/div><\/div><div class=\"kc-elm kc-css-481225 kc_col-sm-6 kc_column kc_col-sm-6\"><div class=\"kc-col-container\"><div class=\"kc-elm kc-css-938822 kc_text_block\"><p>Projets<\/p>\n<\/div><\/div><\/div><\/div><\/div><\/section>","protected":false},"excerpt":{"rendered":"","protected":false},"author":1,"featured_media":0,"parent":0,"menu_order":0,"comment_status":"closed","ping_status":"closed","template":"","meta":{"footnotes":""},"class_list":["post-914","page","type-page","status-publish","hentry"],"_links":{"self":[{"href":"https:\/\/yves-oloume.com\/fr\/wp-json\/wp\/v2\/pages\/914","targetHints":{"allow":["GET"]}}],"collection":[{"href":"https:\/\/yves-oloume.com\/fr\/wp-json\/wp\/v2\/pages"}],"about":[{"href":"https:\/\/yves-oloume.com\/fr\/wp-json\/wp\/v2\/types\/page"}],"author":[{"embeddable":true,"href":"https:\/\/yves-oloume.com\/fr\/wp-json\/wp\/v2\/users\/1"}],"replies":[{"embeddable":true,"href":"https:\/\/yves-oloume.com\/fr\/wp-json\/wp\/v2\/comments?post=914"}],"version-history":[{"count":3,"href":"https:\/\/yves-oloume.com\/fr\/wp-json\/wp\/v2\/pages\/914\/revisions"}],"predecessor-version":[{"id":917,"href":"https:\/\/yves-oloume.com\/fr\/wp-json\/wp\/v2\/pages\/914\/revisions\/917"}],"wp:attachment":[{"href":"https:\/\/yves-oloume.com\/fr\/wp-json\/wp\/v2\/media?parent=914"}],"curies":[{"name":"wp","href":"https:\/\/api.w.org\/{rel}","templated":true}]}}