{"id":909,"date":"2025-03-19T20:01:33","date_gmt":"2025-03-19T20:01:33","guid":{"rendered":"https:\/\/yves-oloume.com\/?page_id=909"},"modified":"2025-03-19T20:08:40","modified_gmt":"2025-03-19T20:08:40","slug":"sustainability","status":"publish","type":"page","link":"https:\/\/yves-oloume.com\/fr\/sustainability\/","title":{"rendered":"Durabilit\u00e9"},"content":{"rendered":"<section class=\"kc-elm kc-css-947335 kc_row\"><div class=\"kc-row-container  kc-container\"><div class=\"kc-wrap-columns\"><div class=\"kc-elm kc-css-889681 kc_col-sm-12 kc_column kc_col-sm-12\"><div class=\"kc-col-container\">    <div class=\"section-title-area  section-title-area-6a0731fdb7861\">\r\n      <div class=\"container\">\r\n              <div class=\"row\">\r\n          <div class=\"col col-lg-12 text-left\">\r\n              <div class=\"section-title-s4\">\r\n                                       <span>Proverbe natif camerounais<\/span>\r\n                                          <h2>Si vous voulez aller vite, allez-y seul ; Si vous voulez aller loin, allez-y ensemble.<\/h2>\r\n                                         <p>Quel genre de monde avons-nous repris des g\u00e9n\u00e9rations pr\u00e9c\u00e9dentes ? Quel genre de monde laisserons-nous aux g\u00e9n\u00e9rations futures ? Nous pouvons avoir un monde meilleur si nous utilisons des produits respectueux de l\u2019environnement au lieu de nous appuyer fortement sur l\u2019\u00e9cologie lorsque nous nous d\u00e9veloppons.\nPour nous, la durabilit\u00e9 est un tout : l\u2019\u00e9tape de R&amp;D du produit (s\u00e9lection du syst\u00e8me de construction, s\u00e9lection des mat\u00e9riaux, etc.), la s\u00e9lection et la gestion du fournisseur, un bon dialogue avec le client et les produits que nous proposons au client, la contribution \u00e0 l\u2019\u00e9cologie, un environnement habitable sont des \u00e9l\u00e9ments essentiels de cet ensemble. Les efforts individuels se combinent pour produire de grands r\u00e9sultats. Il est possible de se d\u00e9velopper, de vivre confortablement et de prot\u00e9ger l\u2019h\u00e9ritage que nous empruntons aux g\u00e9n\u00e9rations futures en poursuivant des politiques conscientes.\n\nEn tant qu\u2019Yves Oloume SARL, nous agissons avec cette conscience et nous continuerons \u00e0 le faire.<\/p>\r\n                                <\/div>\r\n          <\/div>\r\n        <\/div>\r\n          <\/div>\r\n  <\/div>\r\n   <\/div><\/div><\/div><\/div><\/section>","protected":false},"excerpt":{"rendered":"","protected":false},"author":1,"featured_media":0,"parent":0,"menu_order":0,"comment_status":"closed","ping_status":"closed","template":"","meta":{"footnotes":""},"class_list":["post-909","page","type-page","status-publish","hentry"],"_links":{"self":[{"href":"https:\/\/yves-oloume.com\/fr\/wp-json\/wp\/v2\/pages\/909","targetHints":{"allow":["GET"]}}],"collection":[{"href":"https:\/\/yves-oloume.com\/fr\/wp-json\/wp\/v2\/pages"}],"about":[{"href":"https:\/\/yves-oloume.com\/fr\/wp-json\/wp\/v2\/types\/page"}],"author":[{"embeddable":true,"href":"https:\/\/yves-oloume.com\/fr\/wp-json\/wp\/v2\/users\/1"}],"replies":[{"embeddable":true,"href":"https:\/\/yves-oloume.com\/fr\/wp-json\/wp\/v2\/comments?post=909"}],"version-history":[{"count":4,"href":"https:\/\/yves-oloume.com\/fr\/wp-json\/wp\/v2\/pages\/909\/revisions"}],"predecessor-version":[{"id":913,"href":"https:\/\/yves-oloume.com\/fr\/wp-json\/wp\/v2\/pages\/909\/revisions\/913"}],"wp:attachment":[{"href":"https:\/\/yves-oloume.com\/fr\/wp-json\/wp\/v2\/media?parent=909"}],"curies":[{"name":"wp","href":"https:\/\/api.w.org\/{rel}","templated":true}]}}