{"id":886,"date":"2025-03-19T19:47:19","date_gmt":"2025-03-19T19:47:19","guid":{"rendered":"https:\/\/yves-oloume.com\/?page_id=886"},"modified":"2025-03-19T20:00:14","modified_gmt":"2025-03-19T20:00:14","slug":"our-production-facilities","status":"publish","type":"page","link":"https:\/\/yves-oloume.com\/fr\/our-production-facilities\/","title":{"rendered":"Notre usine"},"content":{"rendered":"<section class=\"kc-elm kc-css-195917 kc_row\"><div class=\"kc-row-container  kc-container\"><div class=\"kc-wrap-columns\"><div class=\"kc-elm kc-css-849223 kc_col-sm-12 kc_column kc_col-sm-12\"><div class=\"kc-col-container\">    <div class=\"section-title-area  section-title-area-6a07351158dd5\">\r\n      <div class=\"container\">\r\n              <div class=\"row\">\r\n          <div class=\"col col-md-12\">\r\n              <div class=\"section-title\">\r\n                                       <h2>Machines et \u00e9quipements<\/h2>\r\n                                 <\/div>\r\n          <\/div>\r\n        <\/div>\r\n          <\/div>\r\n  <\/div>\r\n   <\/div><\/div><\/div><\/div><\/section><section class=\"kc-elm kc-css-440794 kc_row\"><div class=\"kc-row-container  kc-container\"><div class=\"kc-wrap-columns\"><div class=\"kc-elm kc-css-246628 kc_col-sm-6 kc_column kc_col-sm-6\"><div class=\"kc-col-container\"><div class=\"kc-elm kc-css-291675 kc_text_block\"><ul>\n<li>Ligne de production de toits vo\u00fbt\u00e9s<\/li>\n<li>Ligne de machines ROBOT de structure sp\u00e9cialement con\u00e7ue<\/li>\n<li>Grue mobile \u00e0 espace ouvert<\/li>\n<li>Grues \u00e0 portique<\/li>\n<li>Lignes de profilage<\/li>\n<li>Installation de laminage de plaques de ciment<\/li>\n<li>Installations de peinture \u00e9lectrostatique au four de poudre humide<\/li>\n<li>Ligne de production de panneaux avant composites<\/li>\n<li>Ligne de production de panneaux de toiture composites<\/li>\n<li>Ligne de production Is\u0131cam<\/li>\n<li>Ligne de production pour l\u2019encollage de feuilles galvaniques et le rev\u00eatement de films<\/li>\n<li>Presses \u00e0 plier<\/li>\n<li>Ciseaux hydrauliques\/\u00e9quipement de coupe<\/li>\n<li>Presses excentriques<\/li>\n<li>Tours \u00e9lectriques<\/li>\n<li>Chariot \u00e9l\u00e9vateur<\/li>\n<\/ul>\n<\/div><\/div><\/div><div class=\"kc-elm kc-css-909802 kc_col-sm-6 kc_column kc_col-sm-6\"><div class=\"kc-col-container\"><div class=\"kc-elm kc-css-435945 kc_text_block\"><ul>\n<li>Machines de presse \u00e0 panneaux et \u00e0 portes<\/li>\n<li>\u00c9quipement pour menuiserie<\/li>\n<li>\u00c9quipement de production pour la d\u00e9coupe du PVC et de l\u2019aluminium<\/li>\n<li>Usine d\u2019\u00e9puration biologique<\/li>\n<li>Compresseur<\/li>\n<li>G\u00e9n\u00e9rateur<\/li>\n<li>Machines de soudage \u00e0 l\u2019arc sous gaz<\/li>\n<li>Outils pneumatiques<\/li>\n<li>Machines pour la coupe d\u2019angles<\/li>\n<li>\u00c9quipement de sciage circulaire<\/li>\n<li>\u00c9quipement de scie circulaire horizontale<\/li>\n<li>T\u00f4le Ligne trap\u00e9zo\u00efdale<\/li>\n<li>Machines \u00e0 coudre \u00e0 la main<\/li>\n<li>Ligne de per\u00e7age avec poin\u00e7on<\/li>\n<li>Outils pneumatiques<\/li>\n<li>Ligne de production Is\u0131cam<\/li>\n<li>Ligne de production de poly\u00e9thyl\u00e8ne t\u00e9r\u00e9phtalate pour animaux de compagnie<\/li>\n<\/ul>\n<\/div><\/div><\/div><\/div><\/div><\/section><section class=\"kc-elm kc-css-926487 kc_row\"><div class=\"kc-row-container  kc-container\"><div class=\"kc-wrap-columns\"><div class=\"kc-elm kc-css-936116 kc_col-sm-12 kc_column kc_col-sm-12\"><div class=\"kc-col-container\">    <div class=\"section-title-area  section-title-area-6a073511591bf\">\r\n      <div class=\"container\">\r\n              <div class=\"row\">\r\n          <div class=\"col col-md-12\">\r\n              <div class=\"section-title\">\r\n                                       <h2>Galerie de photos<\/h2>\r\n                                 <\/div>\r\n          <\/div>\r\n        <\/div>\r\n          <\/div>\r\n  <\/div>\r\n   <div class=\"kc-image-gallery kc-elm kc-css-496611\">\n<div class=\"kc_image_gallery kc-carousel-image kc-grid\">\n<div class=\"item-grid grid-4\"><a href=\"https:\/\/yves-oloume.com\/wp-content\/uploads\/2025\/03\/uretim-tesisleri-16-640x426-1.jpg\" target=\"_blank\"><img decoding=\"async\" src=\"https:\/\/yves-oloume.com\/wp-content\/uploads\/2025\/03\/uretim-tesisleri-16-640x426-1.jpg\" alt=\"\"\/><div class=\"kc-image-overlay\"><i class=\"fa-plus\"><\/i><\/div><\/a><\/div><div class=\"item-grid grid-4\"><a href=\"https:\/\/yves-oloume.com\/wp-content\/uploads\/2025\/03\/uretim-tesisleri-15-640x426-1.jpg\" target=\"_blank\"><img decoding=\"async\" src=\"https:\/\/yves-oloume.com\/wp-content\/uploads\/2025\/03\/uretim-tesisleri-15-640x426-1.jpg\" alt=\"\"\/><div class=\"kc-image-overlay\"><i class=\"fa-plus\"><\/i><\/div><\/a><\/div><div class=\"item-grid grid-4\"><a href=\"https:\/\/yves-oloume.com\/wp-content\/uploads\/2025\/03\/uretim-tesisleri-14-640x426-1.jpg\" target=\"_blank\"><img decoding=\"async\" src=\"https:\/\/yves-oloume.com\/wp-content\/uploads\/2025\/03\/uretim-tesisleri-14-640x426-1.jpg\" alt=\"\"\/><div class=\"kc-image-overlay\"><i class=\"fa-plus\"><\/i><\/div><\/a><\/div><div class=\"item-grid grid-4\"><a href=\"https:\/\/yves-oloume.com\/wp-content\/uploads\/2025\/03\/uretim-tesisleri-13-640x426-1.jpg\" target=\"_blank\"><img decoding=\"async\" src=\"https:\/\/yves-oloume.com\/wp-content\/uploads\/2025\/03\/uretim-tesisleri-13-640x426-1.jpg\" alt=\"\"\/><div class=\"kc-image-overlay\"><i class=\"fa-plus\"><\/i><\/div><\/a><\/div><div class=\"item-grid grid-4\"><a href=\"https:\/\/yves-oloume.com\/wp-content\/uploads\/2025\/03\/uretim-tesisleri-12-640x426-1.jpg\" target=\"_blank\"><img decoding=\"async\" src=\"https:\/\/yves-oloume.com\/wp-content\/uploads\/2025\/03\/uretim-tesisleri-12-640x426-1.jpg\" alt=\"\"\/><div class=\"kc-image-overlay\"><i class=\"fa-plus\"><\/i><\/div><\/a><\/div><div class=\"item-grid grid-4\"><a href=\"https:\/\/yves-oloume.com\/wp-content\/uploads\/2025\/03\/uretim-tesisleri-11-640x426-1.jpg\" target=\"_blank\"><img decoding=\"async\" src=\"https:\/\/yves-oloume.com\/wp-content\/uploads\/2025\/03\/uretim-tesisleri-11-640x426-1.jpg\" alt=\"\"\/><div class=\"kc-image-overlay\"><i class=\"fa-plus\"><\/i><\/div><\/a><\/div><div class=\"item-grid grid-4\"><a href=\"https:\/\/yves-oloume.com\/wp-content\/uploads\/2025\/03\/uretim-tesisleri-10-640x426-1.jpg\" target=\"_blank\"><img decoding=\"async\" src=\"https:\/\/yves-oloume.com\/wp-content\/uploads\/2025\/03\/uretim-tesisleri-10-640x426-1.jpg\" alt=\"\"\/><div class=\"kc-image-overlay\"><i class=\"fa-plus\"><\/i><\/div><\/a><\/div><div class=\"item-grid grid-4\"><a href=\"https:\/\/yves-oloume.com\/wp-content\/uploads\/2025\/03\/uretim-tesisleri-09-640x426-1.jpg\" target=\"_blank\"><img decoding=\"async\" src=\"https:\/\/yves-oloume.com\/wp-content\/uploads\/2025\/03\/uretim-tesisleri-09-640x426-1.jpg\" alt=\"\"\/><div class=\"kc-image-overlay\"><i class=\"fa-plus\"><\/i><\/div><\/a><\/div><div class=\"item-grid grid-4\"><a href=\"https:\/\/yves-oloume.com\/wp-content\/uploads\/2025\/03\/uretim-tesisleri-08-640x426-1.jpg\" target=\"_blank\"><img decoding=\"async\" src=\"https:\/\/yves-oloume.com\/wp-content\/uploads\/2025\/03\/uretim-tesisleri-08-640x426-1.jpg\" alt=\"\"\/><div class=\"kc-image-overlay\"><i class=\"fa-plus\"><\/i><\/div><\/a><\/div><div class=\"item-grid grid-4\"><a href=\"https:\/\/yves-oloume.com\/wp-content\/uploads\/2025\/03\/uretim-tesisleri-07-640x426-1.jpg\" target=\"_blank\"><img decoding=\"async\" src=\"https:\/\/yves-oloume.com\/wp-content\/uploads\/2025\/03\/uretim-tesisleri-07-640x426-1.jpg\" alt=\"\"\/><div class=\"kc-image-overlay\"><i class=\"fa-plus\"><\/i><\/div><\/a><\/div><div class=\"item-grid grid-4\"><a href=\"https:\/\/yves-oloume.com\/wp-content\/uploads\/2025\/03\/uretim-tesisleri-06-640x426-1.jpg\" target=\"_blank\"><img decoding=\"async\" src=\"https:\/\/yves-oloume.com\/wp-content\/uploads\/2025\/03\/uretim-tesisleri-06-640x426-1.jpg\" alt=\"\"\/><div class=\"kc-image-overlay\"><i class=\"fa-plus\"><\/i><\/div><\/a><\/div><div class=\"item-grid grid-4\"><a href=\"https:\/\/yves-oloume.com\/wp-content\/uploads\/2025\/03\/uretim-tesisleri-05-640x426-1.jpg\" target=\"_blank\"><img decoding=\"async\" src=\"https:\/\/yves-oloume.com\/wp-content\/uploads\/2025\/03\/uretim-tesisleri-05-640x426-1.jpg\" alt=\"\"\/><div class=\"kc-image-overlay\"><i class=\"fa-plus\"><\/i><\/div><\/a><\/div><div class=\"item-grid grid-4\"><a href=\"https:\/\/yves-oloume.com\/wp-content\/uploads\/2025\/03\/uretim-tesisleri-04-640x426-1.jpg\" target=\"_blank\"><img decoding=\"async\" src=\"https:\/\/yves-oloume.com\/wp-content\/uploads\/2025\/03\/uretim-tesisleri-04-640x426-1.jpg\" alt=\"\"\/><div class=\"kc-image-overlay\"><i class=\"fa-plus\"><\/i><\/div><\/a><\/div><div class=\"item-grid grid-4\"><a href=\"https:\/\/yves-oloume.com\/wp-content\/uploads\/2025\/03\/uretim-tesisleri-03-640x426-1.jpg\" target=\"_blank\"><img decoding=\"async\" src=\"https:\/\/yves-oloume.com\/wp-content\/uploads\/2025\/03\/uretim-tesisleri-03-640x426-1.jpg\" alt=\"\"\/><div class=\"kc-image-overlay\"><i class=\"fa-plus\"><\/i><\/div><\/a><\/div><div class=\"item-grid grid-4\"><a href=\"https:\/\/yves-oloume.com\/wp-content\/uploads\/2025\/03\/uretim-tesisleri-02-640x426-1.jpg\" target=\"_blank\"><img decoding=\"async\" src=\"https:\/\/yves-oloume.com\/wp-content\/uploads\/2025\/03\/uretim-tesisleri-02-640x426-1.jpg\" alt=\"\"\/><div class=\"kc-image-overlay\"><i class=\"fa-plus\"><\/i><\/div><\/a><\/div><div class=\"item-grid grid-4\"><a href=\"https:\/\/yves-oloume.com\/wp-content\/uploads\/2025\/03\/uretim-tesisleri-01-640x426-1.jpg\" target=\"_blank\"><img decoding=\"async\" src=\"https:\/\/yves-oloume.com\/wp-content\/uploads\/2025\/03\/uretim-tesisleri-01-640x426-1.jpg\" alt=\"\"\/><div class=\"kc-image-overlay\"><i class=\"fa-plus\"><\/i><\/div><\/a><\/div><\/div>\n<\/div><\/div><\/div><\/div><\/div><\/section>","protected":false},"excerpt":{"rendered":"","protected":false},"author":1,"featured_media":0,"parent":0,"menu_order":0,"comment_status":"closed","ping_status":"closed","template":"","meta":{"footnotes":""},"class_list":["post-886","page","type-page","status-publish","hentry"],"_links":{"self":[{"href":"https:\/\/yves-oloume.com\/fr\/wp-json\/wp\/v2\/pages\/886","targetHints":{"allow":["GET"]}}],"collection":[{"href":"https:\/\/yves-oloume.com\/fr\/wp-json\/wp\/v2\/pages"}],"about":[{"href":"https:\/\/yves-oloume.com\/fr\/wp-json\/wp\/v2\/types\/page"}],"author":[{"embeddable":true,"href":"https:\/\/yves-oloume.com\/fr\/wp-json\/wp\/v2\/users\/1"}],"replies":[{"embeddable":true,"href":"https:\/\/yves-oloume.com\/fr\/wp-json\/wp\/v2\/comments?post=886"}],"version-history":[{"count":6,"href":"https:\/\/yves-oloume.com\/fr\/wp-json\/wp\/v2\/pages\/886\/revisions"}],"predecessor-version":[{"id":889,"href":"https:\/\/yves-oloume.com\/fr\/wp-json\/wp\/v2\/pages\/886\/revisions\/889"}],"wp:attachment":[{"href":"https:\/\/yves-oloume.com\/fr\/wp-json\/wp\/v2\/media?parent=886"}],"curies":[{"name":"wp","href":"https:\/\/api.w.org\/{rel}","templated":true}]}}