{"id":881,"date":"2025-03-19T19:41:59","date_gmt":"2025-03-19T19:41:59","guid":{"rendered":"https:\/\/yves-oloume.com\/?page_id=881"},"modified":"2025-03-19T19:45:38","modified_gmt":"2025-03-19T19:45:38","slug":"our-quality-certificates","status":"publish","type":"page","link":"https:\/\/yves-oloume.com\/fr\/our-quality-certificates\/","title":{"rendered":"Nos certificats de qualit\u00e9"},"content":{"rendered":"<section class=\"kc-elm kc-css-995003 kc_row\"><div class=\"kc-row-container  kc-container\"><div class=\"kc-wrap-columns\"><div class=\"kc-elm kc-css-307588 kc_col-sm-12 kc_column kc_col-sm-12\"><div class=\"kc-col-container\">    <div class=\"section-title-area  section-title-area-6a0732283b6e6\">\r\n      <div class=\"container\">\r\n              <div class=\"row\">\r\n          <div class=\"col col-md-12\">\r\n              <div class=\"section-title\">\r\n                                       <h2>Notre mission<\/h2>\r\n                                         <p>R\u00e9pondre \u00e0 toutes sortes de besoins en mati\u00e8re d\u2019h\u00e9bergement des personnes ; Produire des espaces s\u00fbrs, esth\u00e9tiques, \u00e9conomiques, pr\u00eats \u00e0 l\u2019emploi et habitables. Pr\u00e9server la vie.<\/p>\r\n                                <\/div>\r\n          <\/div>\r\n        <\/div>\r\n          <\/div>\r\n  <\/div>\r\n       <div class=\"section-title-area  section-title-area-6a0732283b751\">\r\n      <div class=\"container\">\r\n              <div class=\"row\">\r\n          <div class=\"col col-md-12\">\r\n              <div class=\"section-title\">\r\n                                       <h2>Notre vision<\/h2>\r\n                                         <p>Changement de la structure culturelle du Cameroun<\/p>\r\n                                <\/div>\r\n          <\/div>\r\n        <\/div>\r\n          <\/div>\r\n  <\/div>\r\n       <div class=\"section-title-area  section-title-area-6a0732283b796\">\r\n      <div class=\"container\">\r\n              <div class=\"row\">\r\n          <div class=\"col col-md-12\">\r\n              <div class=\"section-title\">\r\n                                       <h2>Notre politique de qualit\u00e9<\/h2>\r\n                                         <p>Maintenir la satisfaction du client au premier plan et au plus haut niveau avec nos produits de haute qualit\u00e9 avec des caract\u00e9ristiques sup\u00e9rieures, constitue la base de notre politique de qualit\u00e9. Suivre les innovations dans ce domaine et maintenir le d\u00e9veloppement tant en termes de technologie que de qualit\u00e9 des produits. \u00c9lever le succ\u00e8s de notre entreprise \u00e0 des niveaux sup\u00e9rieurs en adoptant une solide compr\u00e9hension du travail d\u2019\u00e9quipe dans le cadre des r\u00e9glementations l\u00e9gales tout en effectuant cela. En attachant de l\u2019importance \u00e0 la formation de notre personnel, avec une telle approche reconnaissant le fait que le succ\u00e8s est atteint avec les personnes form\u00e9es ; Devenir et maintenir la position de leader organisationnel du secteur dans tous les sens du terme est l\u2019objectif de notre politique de qualit\u00e9.<\/p>\r\n                                <\/div>\r\n          <\/div>\r\n        <\/div>\r\n          <\/div>\r\n  <\/div>\r\n   <\/div><\/div><\/div><\/div><\/section>","protected":false},"excerpt":{"rendered":"","protected":false},"author":1,"featured_media":0,"parent":0,"menu_order":0,"comment_status":"closed","ping_status":"closed","template":"","meta":{"footnotes":""},"class_list":["post-881","page","type-page","status-publish","hentry"],"_links":{"self":[{"href":"https:\/\/yves-oloume.com\/fr\/wp-json\/wp\/v2\/pages\/881","targetHints":{"allow":["GET"]}}],"collection":[{"href":"https:\/\/yves-oloume.com\/fr\/wp-json\/wp\/v2\/pages"}],"about":[{"href":"https:\/\/yves-oloume.com\/fr\/wp-json\/wp\/v2\/types\/page"}],"author":[{"embeddable":true,"href":"https:\/\/yves-oloume.com\/fr\/wp-json\/wp\/v2\/users\/1"}],"replies":[{"embeddable":true,"href":"https:\/\/yves-oloume.com\/fr\/wp-json\/wp\/v2\/comments?post=881"}],"version-history":[{"count":4,"href":"https:\/\/yves-oloume.com\/fr\/wp-json\/wp\/v2\/pages\/881\/revisions"}],"predecessor-version":[{"id":884,"href":"https:\/\/yves-oloume.com\/fr\/wp-json\/wp\/v2\/pages\/881\/revisions\/884"}],"wp:attachment":[{"href":"https:\/\/yves-oloume.com\/fr\/wp-json\/wp\/v2\/media?parent=881"}],"curies":[{"name":"wp","href":"https:\/\/api.w.org\/{rel}","templated":true}]}}