{"id":864,"date":"2025-03-19T19:19:42","date_gmt":"2025-03-19T19:19:42","guid":{"rendered":"https:\/\/yves-oloume.com\/?page_id=864"},"modified":"2025-03-19T19:39:58","modified_gmt":"2025-03-19T19:39:58","slug":"why-us","status":"publish","type":"page","link":"https:\/\/yves-oloume.com\/fr\/why-us\/","title":{"rendered":"Pourquoi nous"},"content":{"rendered":"<section class=\"kc-elm kc-css-329404 kc_row\"><div class=\"kc-row-container  kc-container\"><div class=\"kc-wrap-columns\"><div class=\"kc-elm kc-css-511279 kc_col-sm-12 kc_column kc_col-sm-12\"><div class=\"kc-col-container\">      <section class=\"ndrst-feature features-section  ndrst-feature-6a073321ae1b3\">\r\n      <div class=\"row\">\r\n          <div class=\"col col-xs-12\">\r\n              <div class=\"feature-grids clearfix\">\r\n                                   <div class=\"grid\">\r\n                      <div class=\"img-holder\">\r\n                          <img decoding=\"async\" src=\"https:\/\/yves-oloume.com\/wp-content\/uploads\/2025\/03\/tumb-up.png\" alt=\"\">\r\n                      <\/div>\r\n                      <h3>Nous sommes leader dans le secteur<\/h3>\r\n                      <p>Nous sommes le seul fournisseur de b\u00e2timents pr\u00e9fabriqu\u00e9s en Afrique centrale qui produit la totalit\u00e9 des mati\u00e8res premi\u00e8res dans nos propres \u00e9tablissements int\u00e9gr\u00e9s.<\/p>\r\n                  <\/div>\r\n                                  <div class=\"grid\">\r\n                      <div class=\"img-holder\">\r\n                          <img decoding=\"async\" src=\"https:\/\/yves-oloume.com\/wp-content\/uploads\/2025\/03\/clock.png\" alt=\"\">\r\n                      <\/div>\r\n                      <h3>Nous R\u00e9duisons Le Co\u00fbt Du Temps<\/h3>\r\n                      <p>Nous cr\u00e9ons une diff\u00e9rence avec des services en qualit\u00e9 et \u00e0 temps que nous offrons au-del\u00e0 des attentes de la client\u00e8le.<\/p>\r\n                  <\/div>\r\n                                  <div class=\"grid\">\r\n                      <div class=\"img-holder\">\r\n                          <img decoding=\"async\" src=\"https:\/\/yves-oloume.com\/wp-content\/uploads\/2025\/03\/leaf.png\" alt=\"\">\r\n                      <\/div>\r\n                      <h3>Nous Sommes \u00e9cologiques<\/h3>\r\n                      <p>Nous refl\u00e9tons notre sensibilit\u00e9 \u00e9cologique avec notre technologie et les mat\u00e9riels que nous utilisons, et nous agissons avec la conscience au d\u00e9veloppement durable.<\/p>\r\n                  <\/div>\r\n                                  <div class=\"grid\">\r\n                      <div class=\"img-holder\">\r\n                          <img decoding=\"async\" src=\"https:\/\/yves-oloume.com\/wp-content\/uploads\/2025\/03\/magic-wand.png\" alt=\"\">\r\n                      <\/div>\r\n                      <h3>Nous Sommes Focalis\u00e9s Sur Les Solutions Et Les Services<\/h3>\r\n                      <p>Nous produisons des solutions \u00e0 l\u2019\u00e9chelle Africaine avec notre cadre exp\u00e9riment\u00e9 et sp\u00e9cialis\u00e9 dans le domaine constitu\u00e9 d\u2019architectes et d\u2019ing\u00e9nieurs.<\/p>\r\n                  <\/div>\r\n                              <\/div>\r\n          <\/div>\r\n      <\/div>\r\n  <\/section>\r\n        <section class=\"ndrst-feature features-section  ndrst-feature-6a073321ae5d5\">\r\n      <div class=\"row\">\r\n          <div class=\"col col-xs-12\">\r\n              <div class=\"feature-grids clearfix\">\r\n                                   <div class=\"grid\">\r\n                      <div class=\"img-holder\">\r\n                          <img decoding=\"async\" src=\"https:\/\/yves-oloume.com\/wp-content\/uploads\/2025\/03\/front-of-bus.png\" alt=\"\">\r\n                      <\/div>\r\n                      <h3>Nous fournissons des solutions de chargement alternatives<\/h3>\r\n                      <p>Nous fournissons des solutions de chargement favorables et optimales dans les transports terrestres, a\u00e9riens et maritimes \u00e0 travers le monde.<\/p>\r\n                  <\/div>\r\n                                  <div class=\"grid\">\r\n                      <div class=\"img-holder\">\r\n                          <img decoding=\"async\" src=\"https:\/\/yves-oloume.com\/wp-content\/uploads\/2025\/03\/package-box.png\" alt=\"\">\r\n                      <\/div>\r\n                      <h3>Nous faisons la diff\u00e9rence gr\u00e2ce \u00e0 un syst\u00e8me d\u2019emballage sp\u00e9cial<\/h3>\r\n                      <p>Nous offrons une assurance du mat\u00e9riel et de l\u2019exp\u00e9dition avec un syst\u00e8me d\u2019emballage sp\u00e9cial.<\/p>\r\n                  <\/div>\r\n                                  <div class=\"grid\">\r\n                      <div class=\"img-holder\">\r\n                          <img decoding=\"async\" src=\"https:\/\/yves-oloume.com\/wp-content\/uploads\/2025\/03\/customer-review.png\" alt=\"\">\r\n                      <\/div>\r\n                      <h3>Nous maintenons la satisfaction du client au maximum<\/h3>\r\n                      <p>Depuis 2011, nous assurons la satisfaction de nos clients dans les processus avant\/apr\u00e8s-vente gr\u00e2ce \u00e0 la qualit\u00e9 du service, \u00e0 la perception et \u00e0 la garantie de nos produits.<\/p>\r\n                  <\/div>\r\n                                  <div class=\"grid\">\r\n                      <div class=\"img-holder\">\r\n                          <img decoding=\"async\" src=\"https:\/\/yves-oloume.com\/wp-content\/uploads\/2025\/03\/mechanical-gears-.png\" alt=\"\">\r\n                      <\/div>\r\n                      <h3>Nous assurons l\u2019assurance de la production<\/h3>\r\n                      <p>Nous pouvons r\u00e9pondre \u00e0 toutes vos demandes \u00e0 temps gr\u00e2ce \u00e0 nos usines de production int\u00e9gr\u00e9es produisant 170.000 m\u00b2 de produits, \u00e0 notre grande capacit\u00e9 de production et \u00e0 notre large gamme de produits.<\/p>\r\n                  <\/div>\r\n                              <\/div>\r\n          <\/div>\r\n      <\/div>\r\n  <\/section>\r\n        <section class=\"ndrst-feature features-section  ndrst-feature-6a073321ae94a\">\r\n      <div class=\"row\">\r\n          <div class=\"col col-xs-12\">\r\n              <div class=\"feature-grids clearfix\">\r\n                                   <div class=\"grid\">\r\n                      <div class=\"img-holder\">\r\n                          <img decoding=\"async\" src=\"https:\/\/yves-oloume.com\/wp-content\/uploads\/2025\/03\/tube.png\" alt=\"\">\r\n                      <\/div>\r\n                      <h3>Nous sommes un point technologique avec notre R&amp;D et P&amp;D<\/h3>\r\n                      <p>Nous proposons des solutions innovantes, cr\u00e9atives et flexibles avec les lignes de production de haute technologie et la ligne de machines dont nous disposons.<\/p>\r\n                  <\/div>\r\n                                  <div class=\"grid\">\r\n                      <div class=\"img-holder\">\r\n                          <img decoding=\"async\" src=\"https:\/\/yves-oloume.com\/wp-content\/uploads\/2025\/03\/building.png\" alt=\"\">\r\n                      <\/div>\r\n                      <h3>Nous offrons des solutions professionnelles et de qualit\u00e9<\/h3>\r\n                      <p>Nous apposons notre signature sous de nombreux projets \u00e0 travers le monde avec des certifications internationales et des certificats de qualit\u00e9 en produisant des solutions et en effectuant des calculs sp\u00e9cifiques au projet.<\/p>\r\n                  <\/div>\r\n                                  <div class=\"grid\">\r\n                      <div class=\"img-holder\">\r\n                          <img decoding=\"async\" src=\"https:\/\/yves-oloume.com\/wp-content\/uploads\/2025\/03\/money.png\" alt=\"\">\r\n                      <\/div>\r\n                      <h3>Nous Assurons Un Avantage De Prix<\/h3>\r\n                      <p>Nous offrons le produit en qualit\u00e9 avec un avantage de prix dans le cadre de l\u2019\u00e9valuation de la performance.<\/p>\r\n                  <\/div>\r\n                                  <div class=\"grid\">\r\n                      <div class=\"img-holder\">\r\n                          <img decoding=\"async\" src=\"https:\/\/yves-oloume.com\/wp-content\/uploads\/2025\/03\/wrench.png\" alt=\"\">\r\n                      <\/div>\r\n                      <h3>Nous fournissons l\u2019assurance de l\u2019assemblage<\/h3>\r\n                      <p>Nous fournissons des services de montage et de d\u00e9montage effectu\u00e9s avec notre superviseur expert et nos \u00e9quipes d\u2019assemblage.<\/p>\r\n                  <\/div>\r\n                              <\/div>\r\n          <\/div>\r\n      <\/div>\r\n  <\/section>\r\n        <section class=\"ndrst-feature features-section  ndrst-feature-6a073321aecc6\">\r\n      <div class=\"row\">\r\n          <div class=\"col col-xs-12\">\r\n              <div class=\"feature-grids clearfix\">\r\n                                   <div class=\"grid\">\r\n                      <div class=\"img-holder\">\r\n                          <img decoding=\"async\" src=\"https:\/\/yves-oloume.com\/wp-content\/uploads\/2025\/03\/front-of-bus.png\" alt=\"\">\r\n                      <\/div>\r\n                      <h3>Nous Assurons La Garantie De Montage<\/h3>\r\n                      <p>Nous assurons des services de montage et de d\u00e9montage rendus par nos superviseurs sp\u00e9cialis\u00e9s et nos \u00e9quipes de montage.<\/p>\r\n                  <\/div>\r\n                              <\/div>\r\n          <\/div>\r\n      <\/div>\r\n  <\/section>\r\n  <\/div><\/div><\/div><\/div><\/section>","protected":false},"excerpt":{"rendered":"","protected":false},"author":1,"featured_media":0,"parent":0,"menu_order":0,"comment_status":"closed","ping_status":"closed","template":"","meta":{"footnotes":""},"class_list":["post-864","page","type-page","status-publish","hentry"],"_links":{"self":[{"href":"https:\/\/yves-oloume.com\/fr\/wp-json\/wp\/v2\/pages\/864","targetHints":{"allow":["GET"]}}],"collection":[{"href":"https:\/\/yves-oloume.com\/fr\/wp-json\/wp\/v2\/pages"}],"about":[{"href":"https:\/\/yves-oloume.com\/fr\/wp-json\/wp\/v2\/types\/page"}],"author":[{"embeddable":true,"href":"https:\/\/yves-oloume.com\/fr\/wp-json\/wp\/v2\/users\/1"}],"replies":[{"embeddable":true,"href":"https:\/\/yves-oloume.com\/fr\/wp-json\/wp\/v2\/comments?post=864"}],"version-history":[{"count":4,"href":"https:\/\/yves-oloume.com\/fr\/wp-json\/wp\/v2\/pages\/864\/revisions"}],"predecessor-version":[{"id":879,"href":"https:\/\/yves-oloume.com\/fr\/wp-json\/wp\/v2\/pages\/864\/revisions\/879"}],"wp:attachment":[{"href":"https:\/\/yves-oloume.com\/fr\/wp-json\/wp\/v2\/media?parent=864"}],"curies":[{"name":"wp","href":"https:\/\/api.w.org\/{rel}","templated":true}]}}