{"id":30,"date":"2019-07-11T03:42:58","date_gmt":"2019-07-11T03:42:58","guid":{"rendered":"http:\/\/yves-oloume.com\/?page_id=30"},"modified":"2025-03-03T19:12:14","modified_gmt":"2025-03-03T19:12:14","slug":"services","status":"publish","type":"page","link":"https:\/\/yves-oloume.com\/fr\/services\/","title":{"rendered":"Services"},"content":{"rendered":"<section data-kc-fullwidth=\"row\" class=\"kc-elm kc-css-705803 kc_row\"><div class=\"kc-row-container  kc-container\"><div class=\"kc-wrap-columns\"><div class=\"kc-elm kc-css-341769 kc_col-sm-12 kc_column kc_col-sm-12\"><div class=\"kc-col-container\">      <section class=\"fasindus-services services-section  fasindus-services-6a07244191e76\">\n          <div class=\"row\">\n             <div class=\"col col-xs-12\">\n                <div class=\"service-grids clearfix\">\n                               \n                  <div class=\"grid\">\n                                          <div class=\"icon\">\n                          <i class=\"fi flaticon-factory\"><\/i>\n                      <\/div>\n                         \n                      <div class=\"s1-details\">\n                                      \n                        <h3>\n                          <a href=\"https:\/\/yves-oloume.com\/fr\/service\/kiosks-mobile-toilets\/\">\n                           Kiosques &amp; toilettes mobiles                          <\/a>\n                        <\/h3>\n                       <p>Chez Yves Oloume SARL, nous comprenons l\u2019importance de fournir des installations pratiques,...<\/p>\n                      <\/div>\n                                            <a href=\"https:\/\/yves-oloume.com\/fr\/service\/kiosks-mobile-toilets\/\" class=\"read-more\">\n                        Read More                      <\/a>\n                                        <\/div>\n                                \n                  <div class=\"grid\">\n                                          <div class=\"icon\">\n                          <i class=\"fi flaticon-factory\"><\/i>\n                      <\/div>\n                         \n                      <div class=\"s1-details\">\n                                      \n                        <h3>\n                          <a href=\"https:\/\/yves-oloume.com\/fr\/service\/prefabricated-homes\/\">\n                           Logements Pr\u00e9fabriqu\u00e9s                          <\/a>\n                        <\/h3>\n                       <p>Nos maisons pr\u00e9fabriqu\u00e9es sont con\u00e7ues pour red\u00e9finir votre fa\u00e7on de penser la construction r\u00e9sidentielle.<\/p>\n                      <\/div>\n                                            <a href=\"https:\/\/yves-oloume.com\/fr\/service\/prefabricated-homes\/\" class=\"read-more\">\n                        Read More                      <\/a>\n                                        <\/div>\n                                \n                  <div class=\"grid\">\n                                          <div class=\"icon\">\n                          <i class=\"fi flaticon-factory\"><\/i>\n                      <\/div>\n                         \n                      <div class=\"s1-details\">\n                                      \n                        <h3>\n                          <a href=\"https:\/\/yves-oloume.com\/fr\/service\/prefabricated-modules\/\">\n                           Modules Pr\u00e9fabriqu\u00e9s                          <\/a>\n                        <\/h3>\n                       <p>Prefabricated Offices - Homes - Sanitary facilities - Canteen - Remote sites Our range of prefabricated modules\u2026<\/p>\n                      <\/div>\n                                            <a href=\"https:\/\/yves-oloume.com\/fr\/service\/prefabricated-modules\/\" class=\"read-more\">\n                        Read More                      <\/a>\n                                        <\/div>\n                                \n                  <div class=\"grid\">\n                                          <div class=\"icon\">\n                          <i class=\"fi flaticon-factory\"><\/i>\n                      <\/div>\n                         \n                      <div class=\"s1-details\">\n                                      \n                        <h3>\n                          <a href=\"https:\/\/yves-oloume.com\/fr\/service\/prefabricated-warehouses\/\">\n                           Entrep\u00f4ts pr\u00e9fabriqu\u00e9s                          <\/a>\n                        <\/h3>\n                       <p>We offer you high-strength cold-formed steel reliably and destructively; Because it is lighter, easier to assemble and\u2026<\/p>\n                      <\/div>\n                                            <a href=\"https:\/\/yves-oloume.com\/fr\/service\/prefabricated-warehouses\/\" class=\"read-more\">\n                        Read More                      <\/a>\n                                        <\/div>\n                                \n                  <div class=\"grid\">\n                                          <div class=\"icon\">\n                          <i class=\"fi flaticon-factory\"><\/i>\n                      <\/div>\n                         \n                      <div class=\"s1-details\">\n                                      \n                        <h3>\n                          <a href=\"https:\/\/yves-oloume.com\/fr\/service\/renovations-constructions\/\">\n                           R\u00e9novations &amp; Constructions                          <\/a>\n                        <\/h3>\n                       <p>Chez Yves Oloume SARL, nous comprenons que vos bureaux et espaces r\u00e9sidentiels sont plus que de simples b\u00e2timents ;...<\/p>\n                      <\/div>\n                                            <a href=\"https:\/\/yves-oloume.com\/fr\/service\/renovations-constructions\/\" class=\"read-more\">\n                        Read More                      <\/a>\n                                        <\/div>\n                                \n                  <div class=\"grid\">\n                                          <div class=\"icon\">\n                          <i class=\"fi flaticon-factory\"><\/i>\n                      <\/div>\n                         \n                      <div class=\"s1-details\">\n                                      \n                        <h3>\n                          <a href=\"https:\/\/yves-oloume.com\/fr\/service\/storage-racks\/\">\n                           Rayonnages de Stockage                          <\/a>\n                        <\/h3>\n                       <p>Chez Yves Oloume SARL, nous comprenons qu\u2019un stockage efficace est crucial pour le bon fonctionnement de tout...<\/p>\n                      <\/div>\n                                            <a href=\"https:\/\/yves-oloume.com\/fr\/service\/storage-racks\/\" class=\"read-more\">\n                        Read More                      <\/a>\n                                        <\/div>\n                                <\/div>\n          <\/div>\n        <\/div>\n    <\/section>\n    <\/div><\/div><\/div><\/div><\/section>","protected":false},"excerpt":{"rendered":"","protected":false},"author":1,"featured_media":0,"parent":0,"menu_order":0,"comment_status":"closed","ping_status":"closed","template":"","meta":{"footnotes":""},"class_list":["post-30","page","type-page","status-publish","hentry"],"_links":{"self":[{"href":"https:\/\/yves-oloume.com\/fr\/wp-json\/wp\/v2\/pages\/30","targetHints":{"allow":["GET"]}}],"collection":[{"href":"https:\/\/yves-oloume.com\/fr\/wp-json\/wp\/v2\/pages"}],"about":[{"href":"https:\/\/yves-oloume.com\/fr\/wp-json\/wp\/v2\/types\/page"}],"author":[{"embeddable":true,"href":"https:\/\/yves-oloume.com\/fr\/wp-json\/wp\/v2\/users\/1"}],"replies":[{"embeddable":true,"href":"https:\/\/yves-oloume.com\/fr\/wp-json\/wp\/v2\/comments?post=30"}],"version-history":[{"count":13,"href":"https:\/\/yves-oloume.com\/fr\/wp-json\/wp\/v2\/pages\/30\/revisions"}],"predecessor-version":[{"id":689,"href":"https:\/\/yves-oloume.com\/fr\/wp-json\/wp\/v2\/pages\/30\/revisions\/689"}],"wp:attachment":[{"href":"https:\/\/yves-oloume.com\/fr\/wp-json\/wp\/v2\/media?parent=30"}],"curies":[{"name":"wp","href":"https:\/\/api.w.org\/{rel}","templated":true}]}}