{"id":1025,"date":"2025-03-22T15:22:25","date_gmt":"2025-03-22T15:22:25","guid":{"rendered":"https:\/\/yves-oloume.com\/?page_id=1025"},"modified":"2025-04-09T19:07:35","modified_gmt":"2025-04-09T19:07:35","slug":"housing-buildings","status":"publish","type":"page","link":"https:\/\/yves-oloume.com\/fr\/housing-buildings\/","title":{"rendered":"B\u00e2timents d\u2019habitation"},"content":{"rendered":"<section class=\"kc-elm kc-css-973540 kc_row\"><div class=\"kc-row-container  kc-container\"><div class=\"kc-wrap-columns\"><div class=\"kc-elm kc-css-812100 kc_col-sm-12 kc_column kc_col-sm-12\"><div class=\"kc-col-container\"><div class=\"kc-elm kc-css-302928 kc_shortcode kc_single_image\">\n\n        <img decoding=\"async\" src=\"https:\/\/yves-oloume.com\/wp-content\/uploads\/2025\/03\/konut-yapilari-1170x550-2.jpg\" class=\"\" alt=\"\" \/>    <\/div>\n<\/div><\/div><\/div><\/div><\/section><section class=\"kc-elm kc-css-274832 kc_row\"><div class=\"kc-row-container  kc-container\"><div class=\"kc-wrap-columns\"><div class=\"kc-elm kc-css-515578 kc_col-sm-12 kc_column kc_col-sm-12\"><div class=\"kc-col-container\">    <div class=\"section-title-area  section-title-area-6a0731ee223d4\">\r\n      <div class=\"container\">\r\n              <div class=\"row\">\r\n          <div class=\"col col-md-12\">\r\n              <div class=\"section-title\">\r\n                                       <h2>B\u00e2timents d\u2019habitation<\/h2>\r\n                                 <\/div>\r\n          <\/div>\r\n        <\/div>\r\n          <\/div>\r\n  <\/div>\r\n   <\/div><\/div><\/div><\/div><\/section><section class=\"kc-elm kc-css-197308 kc_row\"><div class=\"kc-row-container  kc-container\"><div class=\"kc-wrap-columns\"><div class=\"kc-elm kc-css-450951 kc_col-sm-12 kc_column kc_col-sm-12\"><div class=\"kc-col-container\"><div class=\"kc-elm kc-css-175505 kc_text_block\"><p style=\"box-sizing: border-box; margin: 0px 0px 20px; padding: 0px; border: 0px; vertical-align: baseline; line-height: 22px; font-size: 13px; color: #777777; font-family: 'Open Sans', Arial, sans-serif;\">Les logements construits avec la technologie de l\u2019acier l\u00e9ger de grande hauteur sont positivement discrimin\u00e9s par rapport aux autres syst\u00e8mes de construction de notre pays, qui est confront\u00e9 \u00e0 la r\u00e9alit\u00e9 des tremblements de terre, avec leur durabilit\u00e9, leur haute technologie et leurs performances sismiques sup\u00e9rieures. Cette technologie permet \u00e9galement d\u2019offrir des conditions de confort tr\u00e8s particuli\u00e8res aux utilisateurs et de produire des b\u00e2timents avec une performance \u00e9nerg\u00e9tique maximale gr\u00e2ce \u00e0 ses crit\u00e8res de conception flexibles pr\u00e9vus dans l\u2019architecture. L\u2019efficacit\u00e9 et la productivit\u00e9 sont augment\u00e9es en \u00e9liminant l\u2019utilisation inutile de mat\u00e9riaux. Il est construit 3 fois plus rapidement que les syst\u00e8mes de construction traditionnels. D\u2019autre part, des produits de haute qualit\u00e9 et \u00e0 faible co\u00fbt sont propos\u00e9s aux utilisateurs.<\/p>\n<p style=\"box-sizing: border-box; margin: 0px 0px 20px; padding: 0px; border: 0px; vertical-align: baseline; line-height: 22px; font-size: 13px; color: #777777; font-family: 'Open Sans', Arial, sans-serif;\">Ces logements, construits \u00e0 90 % avec de l\u2019acier recycl\u00e9, sont respectueux de l\u2019environnement et sont des exemples d\u2019architecture durable par nature. Le syst\u00e8me se distingue par ses avantages en mati\u00e8re d\u2019incendie et d\u2019isolation, avec du fibrociment incombustible et \u00e9cologique de classe A-1 utilis\u00e9 dans le rev\u00eatement de toutes les carcasses d\u2019acier. Par cons\u00e9quent, les conceptions cr\u00e9\u00e9es dans le cadre de la construction \u00e9cologique\/b\u00e2timent \u00e9cologique sont r\u00e9alis\u00e9es avec une productivit\u00e9 maximale avec cette technologie.<\/p>\n<\/div><div class=\"kc-elm kc-css-351668\" style=\"height: 47px; clear: both; width:100%;\"><\/div><\/div><\/div><\/div><\/div><\/section>","protected":false},"excerpt":{"rendered":"","protected":false},"author":1,"featured_media":0,"parent":0,"menu_order":0,"comment_status":"closed","ping_status":"closed","template":"","meta":{"footnotes":""},"class_list":["post-1025","page","type-page","status-publish","hentry"],"_links":{"self":[{"href":"https:\/\/yves-oloume.com\/fr\/wp-json\/wp\/v2\/pages\/1025","targetHints":{"allow":["GET"]}}],"collection":[{"href":"https:\/\/yves-oloume.com\/fr\/wp-json\/wp\/v2\/pages"}],"about":[{"href":"https:\/\/yves-oloume.com\/fr\/wp-json\/wp\/v2\/types\/page"}],"author":[{"embeddable":true,"href":"https:\/\/yves-oloume.com\/fr\/wp-json\/wp\/v2\/users\/1"}],"replies":[{"embeddable":true,"href":"https:\/\/yves-oloume.com\/fr\/wp-json\/wp\/v2\/comments?post=1025"}],"version-history":[{"count":4,"href":"https:\/\/yves-oloume.com\/fr\/wp-json\/wp\/v2\/pages\/1025\/revisions"}],"predecessor-version":[{"id":1029,"href":"https:\/\/yves-oloume.com\/fr\/wp-json\/wp\/v2\/pages\/1025\/revisions\/1029"}],"wp:attachment":[{"href":"https:\/\/yves-oloume.com\/fr\/wp-json\/wp\/v2\/media?parent=1025"}],"curies":[{"name":"wp","href":"https:\/\/api.w.org\/{rel}","templated":true}]}}