{"id":1020,"date":"2025-03-22T15:20:07","date_gmt":"2025-03-22T15:20:07","guid":{"rendered":"https:\/\/yves-oloume.com\/?page_id=1020"},"modified":"2025-04-09T19:05:51","modified_gmt":"2025-04-09T19:05:51","slug":"public-and-administrative-buildings","status":"publish","type":"page","link":"https:\/\/yves-oloume.com\/fr\/public-and-administrative-buildings\/","title":{"rendered":"B\u00e2timents publics et administratifs"},"content":{"rendered":"<section class=\"kc-elm kc-css-200809 kc_row\"><div class=\"kc-row-container  kc-container\"><div class=\"kc-wrap-columns\"><div class=\"kc-elm kc-css-614957 kc_col-sm-12 kc_column kc_col-sm-12\"><div class=\"kc-col-container\"><div class=\"kc-elm kc-css-3550 kc_shortcode kc_single_image\">\n\n        <img decoding=\"async\" src=\"https:\/\/yves-oloume.com\/wp-content\/uploads\/2025\/03\/kamu-ve-idari-yapilar-1170x550-1.jpg\" class=\"\" alt=\"\" \/>    <\/div>\n<\/div><\/div><\/div><\/div><\/section><section class=\"kc-elm kc-css-54514 kc_row\"><div class=\"kc-row-container  kc-container\"><div class=\"kc-wrap-columns\"><div class=\"kc-elm kc-css-771853 kc_col-sm-12 kc_column kc_col-sm-12\"><div class=\"kc-col-container\">    <div class=\"section-title-area  section-title-area-6a07356290208\">\r\n      <div class=\"container\">\r\n              <div class=\"row\">\r\n          <div class=\"col col-md-12\">\r\n              <div class=\"section-title\">\r\n                                       <h2>Solutions publiques et administratives<\/h2>\r\n                                 <\/div>\r\n          <\/div>\r\n        <\/div>\r\n          <\/div>\r\n  <\/div>\r\n   <div class=\"kc-elm kc-css-587994 kc_text_block\"><p><span style=\"color: #777777; font-family: 'Open Sans', Arial, sans-serif; font-size: 13px;\">Les b\u00e2timents administratifs qui sont g\u00e9n\u00e9ralement construits de mani\u00e8re permanente par diverses institutions et entreprises et les immeubles de bureaux qui prennent place dans le cadre de la mobilisation de chantiers de construction entrent dans cette cat\u00e9gorie. Le nombre d\u2019employ\u00e9s, la dur\u00e9e de vie des b\u00e2timents et la liste des exigences sont les crit\u00e8res les plus importants pour d\u00e9terminer les besoins dans le processus de conception d\u2019un immeuble de bureaux en acier l\u00e9ger. Fournir des sp\u00e9cifications techniques adapt\u00e9es aux conditions m\u00e9t\u00e9orologiques et toutes sortes de confort au bureau sont tr\u00e8s importants pour la performance du personnel dans les immeubles de bureaux.<\/span><\/p>\n<\/div><div class=\"kc-elm kc-css-260986\" style=\"height: 47px; clear: both; width:100%;\"><\/div><\/div><\/div><\/div><\/div><\/section>","protected":false},"excerpt":{"rendered":"","protected":false},"author":1,"featured_media":0,"parent":0,"menu_order":0,"comment_status":"closed","ping_status":"closed","template":"","meta":{"footnotes":""},"class_list":["post-1020","page","type-page","status-publish","hentry"],"_links":{"self":[{"href":"https:\/\/yves-oloume.com\/fr\/wp-json\/wp\/v2\/pages\/1020","targetHints":{"allow":["GET"]}}],"collection":[{"href":"https:\/\/yves-oloume.com\/fr\/wp-json\/wp\/v2\/pages"}],"about":[{"href":"https:\/\/yves-oloume.com\/fr\/wp-json\/wp\/v2\/types\/page"}],"author":[{"embeddable":true,"href":"https:\/\/yves-oloume.com\/fr\/wp-json\/wp\/v2\/users\/1"}],"replies":[{"embeddable":true,"href":"https:\/\/yves-oloume.com\/fr\/wp-json\/wp\/v2\/comments?post=1020"}],"version-history":[{"count":4,"href":"https:\/\/yves-oloume.com\/fr\/wp-json\/wp\/v2\/pages\/1020\/revisions"}],"predecessor-version":[{"id":1024,"href":"https:\/\/yves-oloume.com\/fr\/wp-json\/wp\/v2\/pages\/1020\/revisions\/1024"}],"wp:attachment":[{"href":"https:\/\/yves-oloume.com\/fr\/wp-json\/wp\/v2\/media?parent=1020"}],"curies":[{"name":"wp","href":"https:\/\/api.w.org\/{rel}","templated":true}]}}