{"id":1015,"date":"2025-03-22T15:17:34","date_gmt":"2025-03-22T15:17:34","guid":{"rendered":"https:\/\/yves-oloume.com\/?page_id=1015"},"modified":"2025-04-09T19:03:53","modified_gmt":"2025-04-09T19:03:53","slug":"health-facilities","status":"publish","type":"page","link":"https:\/\/yves-oloume.com\/fr\/health-facilities\/","title":{"rendered":"\u00c9tablissements de sant\u00e9"},"content":{"rendered":"<section class=\"kc-elm kc-css-645118 kc_row\"><div class=\"kc-row-container  kc-container\"><div class=\"kc-wrap-columns\"><div class=\"kc-elm kc-css-672391 kc_col-sm-12 kc_column kc_col-sm-12\"><div class=\"kc-col-container\"><div class=\"kc-elm kc-css-433642 kc_shortcode kc_single_image\">\n\n        <img decoding=\"async\" src=\"https:\/\/yves-oloume.com\/wp-content\/uploads\/2025\/03\/saglik-yapilari-1170x550-1.jpg\" class=\"\" alt=\"\" \/>    <\/div>\n<\/div><\/div><\/div><\/div><\/section><section class=\"kc-elm kc-css-580023 kc_row\"><div class=\"kc-row-container  kc-container\"><div class=\"kc-wrap-columns\"><div class=\"kc-elm kc-css-62354 kc_col-sm-12 kc_column kc_col-sm-12\"><div class=\"kc-col-container\">    <div class=\"section-title-area  section-title-area-6a073527ae796\">\r\n      <div class=\"container\">\r\n              <div class=\"row\">\r\n          <div class=\"col col-md-12\">\r\n              <div class=\"section-title\">\r\n                                       <h2>Conteneur de sant\u00e9<\/h2>\r\n                                 <\/div>\r\n          <\/div>\r\n        <\/div>\r\n          <\/div>\r\n  <\/div>\r\n   <div class=\"kc-elm kc-css-939460 kc_text_block\"><p style=\"box-sizing: border-box; margin: 0px 0px 20px; padding: 0px; border: 0px; vertical-align: baseline; line-height: 22px; font-size: 13px; color: #777777; font-family: 'Open Sans', Arial, sans-serif;\">Les structures de conteneurs de sant\u00e9 peuvent \u00eatre utilis\u00e9es pour l\u2019infirmerie, les d\u00e9pendances d\u2019h\u00f4pitaux, les laboratoires, les h\u00f4pitaux de campagne. L\u2019hygi\u00e8ne est une n\u00e9cessit\u00e9 indispensable pour ces r\u00e9cipients car ils servent sous le titre de la sant\u00e9. Tous les d\u00e9tails appliqu\u00e9s sur les volumes humides et autres lieux sont structur\u00e9s en cons\u00e9quence.<\/p>\n<p style=\"box-sizing: border-box; margin: 0px 0px 20px; padding: 0px; border: 0px; vertical-align: baseline; line-height: 22px; font-size: 13px; color: #777777; font-family: 'Open Sans', Arial, sans-serif;\">L\u2019avantage le plus important de la mise en \u0153uvre de conteneurs est que la production pr\u00e9liminaire est enti\u00e8rement r\u00e9alis\u00e9e dans l\u2019environnement de l\u2019usine. Cela signifie que le produit demand\u00e9 est pr\u00eat \u00e0 l\u2019emploi au moment o\u00f9 il est consign\u00e9. Par cons\u00e9quent, il est particuli\u00e8rement utilis\u00e9 dans les environnements o\u00f9 il y a des besoins urgents et o\u00f9 la g\u00e9ographie n\u2019est pas pratique pour la construction. Les conteneurs peuvent \u00eatre plac\u00e9s sur la zone o\u00f9 ils seront plac\u00e9s \u00e0 l\u2019aide d\u2019une grue et sans aucune application sp\u00e9ciale, en raison du cadre qu\u2019ils ont, c\u2019est-\u00e0-dire leur caract\u00e9ristique d\u2019\u00eatre avec une base. Dans le cas o\u00f9 les conteneurs sont imbriqu\u00e9s, les surfaces de jonction sont laiss\u00e9es ouvertes et les d\u00e9tails imbriqu\u00e9s sont r\u00e9solus sur le site.<\/p>\n<p style=\"box-sizing: border-box; margin: 0px 0px 20px; padding: 0px; border: 0px; vertical-align: baseline; line-height: 22px; font-size: 13px; color: #777777; font-family: 'Open Sans', Arial, sans-serif;\">Nos conteneurs associ\u00e9s sont produits en monobloc et d\u00e9mont\u00e9s dans le syst\u00e8me Hekim Panel et Hekim Classic. Le mat\u00e9riau utilis\u00e9 \u00e0 l\u2019ext\u00e9rieur des conteneurs peut \u00eatre peint, en t\u00f4le galvanis\u00e9e ou en fibrociment incombustible de classe A-1. Les installations \u00e9lectriques et sanitaires peuvent \u00eatre con\u00e7ues au choix en tant qu\u2019encastr\u00e9es ou mont\u00e9es en surface.<\/p>\n<\/div><div class=\"kc-elm kc-css-336665\" style=\"height: 51px; clear: both; width:100%;\"><\/div><\/div><\/div><\/div><\/div><\/section>","protected":false},"excerpt":{"rendered":"","protected":false},"author":1,"featured_media":0,"parent":0,"menu_order":0,"comment_status":"closed","ping_status":"closed","template":"","meta":{"footnotes":""},"class_list":["post-1015","page","type-page","status-publish","hentry"],"_links":{"self":[{"href":"https:\/\/yves-oloume.com\/fr\/wp-json\/wp\/v2\/pages\/1015","targetHints":{"allow":["GET"]}}],"collection":[{"href":"https:\/\/yves-oloume.com\/fr\/wp-json\/wp\/v2\/pages"}],"about":[{"href":"https:\/\/yves-oloume.com\/fr\/wp-json\/wp\/v2\/types\/page"}],"author":[{"embeddable":true,"href":"https:\/\/yves-oloume.com\/fr\/wp-json\/wp\/v2\/users\/1"}],"replies":[{"embeddable":true,"href":"https:\/\/yves-oloume.com\/fr\/wp-json\/wp\/v2\/comments?post=1015"}],"version-history":[{"count":4,"href":"https:\/\/yves-oloume.com\/fr\/wp-json\/wp\/v2\/pages\/1015\/revisions"}],"predecessor-version":[{"id":1019,"href":"https:\/\/yves-oloume.com\/fr\/wp-json\/wp\/v2\/pages\/1015\/revisions\/1019"}],"wp:attachment":[{"href":"https:\/\/yves-oloume.com\/fr\/wp-json\/wp\/v2\/media?parent=1015"}],"curies":[{"name":"wp","href":"https:\/\/api.w.org\/{rel}","templated":true}]}}