{"id":1008,"date":"2025-03-22T15:12:33","date_gmt":"2025-03-22T15:12:33","guid":{"rendered":"https:\/\/yves-oloume.com\/?page_id=1008"},"modified":"2025-04-09T19:01:06","modified_gmt":"2025-04-09T19:01:06","slug":"educational-buildings","status":"publish","type":"page","link":"https:\/\/yves-oloume.com\/fr\/educational-buildings\/","title":{"rendered":"B\u00e2timents scolaires"},"content":{"rendered":"<section class=\"kc-elm kc-css-139265 kc_row\"><div class=\"kc-row-container  kc-container\"><div class=\"kc-wrap-columns\"><div class=\"kc-elm kc-css-583427 kc_col-sm-12 kc_column kc_col-sm-12\"><div class=\"kc-col-container\"><div class=\"kc-elm kc-css-581140 kc_shortcode kc_single_image\">\n\n        <img decoding=\"async\" src=\"https:\/\/yves-oloume.com\/wp-content\/uploads\/2025\/03\/egitim-binalari-1170x550-2.jpg\" class=\"\" alt=\"\" \/>    <\/div>\n<\/div><\/div><\/div><\/div><\/section><section class=\"kc-elm kc-css-899050 kc_row\"><div class=\"kc-row-container  kc-container\"><div class=\"kc-wrap-columns\"><div class=\"kc-elm kc-css-181907 kc_col-sm-12 kc_column kc_col-sm-12\"><div class=\"kc-col-container\">    <div class=\"section-title-area  section-title-area-6a07351152a04\">\r\n      <div class=\"container\">\r\n              <div class=\"row\">\r\n          <div class=\"col col-md-12\">\r\n              <div class=\"section-title\">\r\n                                       <h2>B\u00e2timents \u00e9ducatifs en acier l\u00e9ger<\/h2>\r\n                                 <\/div>\r\n          <\/div>\r\n        <\/div>\r\n          <\/div>\r\n  <\/div>\r\n   <div class=\"kc-elm kc-css-47683 kc_text_block\"><p style=\"box-sizing: border-box; margin: 0px 0px 20px; padding: 0px; border: 0px; vertical-align: baseline; line-height: 22px; font-size: 13px; color: #777777; font-family: 'Open Sans', Arial, sans-serif;\">Parall\u00e8lement au d\u00e9veloppement et \u00e0 la prise de conscience de la technologie de l\u2019acier l\u00e9ger, il y a une augmentation apparente des b\u00e2timents construits avec ce syst\u00e8me. Les b\u00e2timents d\u2019enseignement en acier l\u00e9ger en sont l\u2019un des meilleurs exemples. Ces b\u00e2timents sont d\u00e9finitivement des structures permanentes et d\u00e9taill\u00e9es comme telles. Le fait qu\u2019il soit possible d\u2019\u00eatre assembl\u00e9 dans toutes sortes de conditions m\u00e9t\u00e9orologiques offre un avantage important dans les r\u00e9gions de l\u2019Anatolie orientale et du sud-est o\u00f9 les conditions hivernales sont particuli\u00e8rement difficiles.<\/p>\n<p style=\"box-sizing: border-box; margin: 0px 0px 20px; padding: 0px; border: 0px; vertical-align: baseline; line-height: 22px; font-size: 13px; color: #777777; font-family: 'Open Sans', Arial, sans-serif;\">Des aspects tels que la production rapide, la qualit\u00e9 contr\u00f4lable, la marge d\u2019erreur minimale car la pr\u00e9fabrication est en usine, le b\u00e2timent r\u00e9sistant aux tremblements de terre, le b\u00e2timent respectueux de l\u2019environnement, l\u2019utilisation de fibrociment incombustible de classe A-1 sont les principaux facteurs de pr\u00e9f\u00e9rence de ce syst\u00e8me dans les structures \u00e9ducatives.<\/p>\n<p style=\"box-sizing: border-box; margin: 0px 0px 20px; padding: 0px; border: 0px; vertical-align: baseline; line-height: 22px; font-size: 13px; color: #777777; font-family: 'Open Sans', Arial, sans-serif;\">En tant qu\u2019Yves Oloume SARL., nous avons construit avec succ\u00e8s de nombreuses structures telles que des jardins d\u2019enfants, des \u00e9coles primaires, des universit\u00e9s et des cr\u00e8ches \u00e0 travers des institutions publiques et priv\u00e9es jusqu\u2019\u00e0 aujourd\u2019hui. La hauteur de l\u2019\u00e9tage est calcul\u00e9e \u00e0 3,00 m. dans les plans pr\u00e9par\u00e9s conform\u00e9ment aux sp\u00e9cifications techniques standard du Minist\u00e8re de l\u2019\u00c9ducation de la R\u00e9publique du Cameroun. Les b\u00e2timents d\u2019enseignement en acier l\u00e9ger, fabriqu\u00e9s avec nos syst\u00e8mes de construction que nous avons d\u00e9velopp\u00e9s, sont con\u00e7us en tenant compte de toutes sortes de besoins et de conforts des \u00e9tudiants et des enseignants. Des valeurs d\u2019isolation \u00e9lev\u00e9es, l\u2019utilisation d\u2019un mat\u00e9riau de rev\u00eatement en fibrociment incombustible de classe A-1 \u00e0 l\u2019ext\u00e9rieur et \u00e0 l\u2019int\u00e9rieur, toutes les installations \u00e9lectriques et sanitaires requises pour \u00eatre r\u00e9alis\u00e9es en montage encastr\u00e9 peuvent \u00eatre donn\u00e9es \u00e0 titre d\u2019exemples.<\/p>\n<p style=\"box-sizing: border-box; margin: 0px 0px 20px; padding: 0px; border: 0px; vertical-align: baseline; line-height: 22px; font-size: 13px; color: #777777; font-family: 'Open Sans', Arial, sans-serif;\">Dans le cas o\u00f9 l\u2019application du syst\u00e8me de panneaux en acier l\u00e9ger Hekim est pr\u00e9f\u00e9r\u00e9e, l\u2019assemblage des panneaux de taille 1250\u00d72500\/3000 mm, comprenant une carcasse en acier, l\u2019application d\u2019isolation \u00e0 l\u2019int\u00e9rieur de la carcasse et le mat\u00e9riau de parement int\u00e9rieur et ext\u00e9rieur de la carcasse, est effectu\u00e9 en usine. L\u2019\u00e9paisseur du panneau varie entre 80 et 30 mm. Il est possible de faire une hauteur d\u2019\u00e9tage de 3000 mm., 3500 mm si n\u00e9cessaire. Ces panneaux sont consign\u00e9s sur le site sous forme pr\u00eate. Le raccordement des panneaux et d\u2019autres applications suivantes sont effectu\u00e9s sur place. Il s\u2019agit d\u2019une m\u00e9thode qui permet de gagner du temps. L\u2019application de fibrociment incombustible de classe A-1 ou de t\u00f4les galvanis\u00e9es peintes peut \u00eatre effectu\u00e9e \u00e0 l\u2019int\u00e9rieur et \u00e0 l\u2019ext\u00e9rieur du b\u00e2timent. Toutes les installations sont con\u00e7ues au choix pour \u00eatre encastr\u00e9es ou mont\u00e9es en surface.<\/p>\n<p style=\"box-sizing: border-box; margin: 0px 0px 20px; padding: 0px; border: 0px; vertical-align: baseline; line-height: 22px; font-size: 13px; color: #777777; font-family: 'Open Sans', Arial, sans-serif;\">Dans le cas o\u00f9 l\u2019application du syst\u00e8me d\u2019acier l\u00e9ger sur site Hekim Plated est pr\u00e9f\u00e9r\u00e9e, les carcasses pr\u00e9par\u00e9es conform\u00e9ment aux calculs statiques du projet sont exp\u00e9di\u00e9es sur le site sous leur forme nue. Le premier assemblage de la carcasse en acier est achev\u00e9 sur le site. Ensuite, l\u2019application de l\u2019isolation, les rev\u00eatements int\u00e9rieurs et ext\u00e9rieurs sont effectu\u00e9s. Toutes les applications de la barri\u00e8re d\u2019humidit\u00e9 et autres sont termin\u00e9es sur le site. Des applications de fa\u00e7ade \u00e9l\u00e9gantes sont r\u00e9alis\u00e9es avec du fibrociment incombustible de classe A-1 \u00e0 l\u2019ext\u00e9rieur des b\u00e2timents. Toutes les installations sont con\u00e7ues et appliqu\u00e9es comme encastr\u00e9es.<\/p>\n<\/div><div class=\"kc-elm kc-css-920167\" style=\"height: 47px; clear: both; width:100%;\"><\/div><\/div><\/div><\/div><\/div><\/section>","protected":false},"excerpt":{"rendered":"","protected":false},"author":1,"featured_media":0,"parent":0,"menu_order":0,"comment_status":"closed","ping_status":"closed","template":"","meta":{"footnotes":""},"class_list":["post-1008","page","type-page","status-publish","hentry"],"_links":{"self":[{"href":"https:\/\/yves-oloume.com\/fr\/wp-json\/wp\/v2\/pages\/1008","targetHints":{"allow":["GET"]}}],"collection":[{"href":"https:\/\/yves-oloume.com\/fr\/wp-json\/wp\/v2\/pages"}],"about":[{"href":"https:\/\/yves-oloume.com\/fr\/wp-json\/wp\/v2\/types\/page"}],"author":[{"embeddable":true,"href":"https:\/\/yves-oloume.com\/fr\/wp-json\/wp\/v2\/users\/1"}],"replies":[{"embeddable":true,"href":"https:\/\/yves-oloume.com\/fr\/wp-json\/wp\/v2\/comments?post=1008"}],"version-history":[{"count":6,"href":"https:\/\/yves-oloume.com\/fr\/wp-json\/wp\/v2\/pages\/1008\/revisions"}],"predecessor-version":[{"id":1012,"href":"https:\/\/yves-oloume.com\/fr\/wp-json\/wp\/v2\/pages\/1008\/revisions\/1012"}],"wp:attachment":[{"href":"https:\/\/yves-oloume.com\/fr\/wp-json\/wp\/v2\/media?parent=1008"}],"curies":[{"name":"wp","href":"https:\/\/api.w.org\/{rel}","templated":true}]}}