{"id":1003,"date":"2025-03-22T15:04:47","date_gmt":"2025-03-22T15:04:47","guid":{"rendered":"https:\/\/yves-oloume.com\/?page_id=1003"},"modified":"2025-03-22T15:09:08","modified_gmt":"2025-03-22T15:09:08","slug":"worksite-buildings","status":"publish","type":"page","link":"https:\/\/yves-oloume.com\/fr\/worksite-buildings\/","title":{"rendered":"B\u00e2timents de chantier"},"content":{"rendered":"<section class=\"kc-elm kc-css-971 kc_row\"><div class=\"kc-row-container  kc-container\"><div class=\"kc-wrap-columns\"><div class=\"kc-elm kc-css-330450 kc_col-sm-12 kc_column kc_col-sm-12\"><div class=\"kc-col-container\"><div class=\"kc-elm kc-css-51245 kc_shortcode kc_single_image\">\n\n        <img decoding=\"async\" src=\"https:\/\/yves-oloume.com\/wp-content\/uploads\/2025\/03\/santiye-yapilari-1170x550-2.jpg\" class=\"\" alt=\"\" \/>    <\/div>\n<\/div><\/div><\/div><\/div><\/section><section class=\"kc-elm kc-css-867167 kc_row\"><div class=\"kc-row-container  kc-container\"><div class=\"kc-wrap-columns\"><div class=\"kc-elm kc-css-532058 kc_col-sm-12 kc_column kc_col-sm-12\"><div class=\"kc-col-container\">    <div class=\"section-title-area  section-title-area-6a07351325cf4\">\r\n      <div class=\"container\">\r\n              <div class=\"row\">\r\n          <div class=\"col col-md-12\">\r\n              <div class=\"section-title\">\r\n                                       <h2>B\u00e2timents de chantier pr\u00e9fabriqu\u00e9s<\/h2>\r\n                                 <\/div>\r\n          <\/div>\r\n        <\/div>\r\n          <\/div>\r\n  <\/div>\r\n   <div class=\"kc-elm kc-css-86426 kc_text_block\"><p style=\"box-sizing: border-box; margin: 0px 0px 20px; padding: 0px; border: 0px; vertical-align: baseline; line-height: 22px; font-size: 13px; color: #777777; font-family: 'Open Sans', Arial, sans-serif;\">Les structures de mobilisation dont ont besoin toutes les entreprises de construction op\u00e9rant dans le secteur de la construction et r\u00e9alisant des travaux contractuels entrent dans cette cat\u00e9gorie. La p\u00e9riode de construction change en fonction de l\u2019ampleur du projet et les besoins en structures de chantier pr\u00e9fabriqu\u00e9es peuvent varier en cons\u00e9quence. Les \u00e9l\u00e9ments ci-dessous peuvent \u00eatre donn\u00e9s comme traits communs qui sont exig\u00e9s dans les structures de chantier pr\u00e9fabriqu\u00e9es :<\/p>\n<div class=\"row\" style=\"box-sizing: border-box; margin: 0px -15px; padding: 0px; border: 0px; vertical-align: baseline; color: #777777; font-family: 'Open Sans', Arial, sans-serif; font-size: 13px;\">\n<ul>\n<li>Production rapide,<\/li>\n<li>Assemblage rapide et s\u00fbr<\/li>\n<li>Mat\u00e9riaux utilis\u00e9s conform\u00e9ment aux normes<\/li>\n<li>D\u00e9tails de construction de haute qualit\u00e9 et finement effiloch\u00e9s,<\/li>\n<li>Le b\u00e2timent peut \u00eatre d\u00e9mont\u00e9 et remont\u00e9 avec un minimum de pertes,<\/li>\n<li>Approche orient\u00e9e solution,<\/li>\n<li>Excellente organisation,<\/li>\n<li>Assistance technique,<\/li>\n<\/ul>\n<\/div>\n<p><span style=\"color: #777777; font-family: 'Open Sans', Arial, sans-serif; font-size: 13px;\">Les structures de chantier de construction dans la mobilisation de chantier peuvent \u00eatre une salle \u00e0 manger, un dortoir, un bureau, une unit\u00e9 de toilette-douche, une salle de pri\u00e8re, une installation sociale, un entrep\u00f4t-hangar, des logements sociaux et autres. Outre nos plans standards, des solutions sp\u00e9ciales en structures de chantier pr\u00e9fabriqu\u00e9es sont \u00e9galement propos\u00e9es \u00e0 nos clients par notre \u00e9quipe d\u2019ing\u00e9nieurs et d\u2019architectes.<\/span><\/p>\n<p style=\"box-sizing: border-box; margin: 0px 0px 20px; padding: 0px; border: 0px; vertical-align: baseline; line-height: 22px; font-size: 13px; color: #777777; font-family: 'Open Sans', Arial, sans-serif;\">\n<p style=\"box-sizing: border-box; margin: 0px 0px 20px; padding: 0px; border: 0px; vertical-align: baseline; line-height: 22px; font-size: 13px; color: #777777; font-family: 'Open Sans', Arial, sans-serif;\">Chaque b\u00e2timent est con\u00e7u selon des calculs statiques qui sont effectu\u00e9s en tenant compte des conditions climatiques de l\u2019endroit sur lequel il sera construit, puis la production est effectu\u00e9e \u00e0 l\u2019aide du syst\u00e8me de panneaux Hekim et des d\u00e9tails du syst\u00e8me de panneaux de carcasses en acier Hekim. Il est possible de construire des b\u00e2timents \u00e0 une hauteur de 2500 mm, 3000 mm, 3500 mm avec cette m\u00e9thode dans laquelle des panneaux modulaires sont utilis\u00e9s. Les solutions de toiture en pente sont mises en \u0153uvre dans tous les b\u00e2timents d\u00e9taill\u00e9s conform\u00e9ment aux calculs de charge de neige. Les installations \u00e9lectriques et sanitaires \u00e0 l\u2019int\u00e9rieur du b\u00e2timent sont con\u00e7ues en plan ou encastr\u00e9es en fonction des caract\u00e9ristiques techniques du syst\u00e8me utilis\u00e9.<\/p>\n<\/div><\/div><\/div><\/div><\/div><\/section><section class=\"kc-elm kc-css-144647 kc_row\"><div class=\"kc-row-container  kc-container\"><div class=\"kc-wrap-columns\"><div class=\"kc-elm kc-css-571467 kc_col-sm-12 kc_column kc_col-sm-12\"><div class=\"kc-col-container\"><div class=\"kc-elm kc-css-763699\" style=\"height: 53px; clear: both; width:100%;\"><\/div><\/div><\/div><\/div><\/div><\/section>","protected":false},"excerpt":{"rendered":"","protected":false},"author":1,"featured_media":0,"parent":0,"menu_order":0,"comment_status":"closed","ping_status":"closed","template":"","meta":{"footnotes":""},"class_list":["post-1003","page","type-page","status-publish","hentry"],"_links":{"self":[{"href":"https:\/\/yves-oloume.com\/fr\/wp-json\/wp\/v2\/pages\/1003","targetHints":{"allow":["GET"]}}],"collection":[{"href":"https:\/\/yves-oloume.com\/fr\/wp-json\/wp\/v2\/pages"}],"about":[{"href":"https:\/\/yves-oloume.com\/fr\/wp-json\/wp\/v2\/types\/page"}],"author":[{"embeddable":true,"href":"https:\/\/yves-oloume.com\/fr\/wp-json\/wp\/v2\/users\/1"}],"replies":[{"embeddable":true,"href":"https:\/\/yves-oloume.com\/fr\/wp-json\/wp\/v2\/comments?post=1003"}],"version-history":[{"count":3,"href":"https:\/\/yves-oloume.com\/fr\/wp-json\/wp\/v2\/pages\/1003\/revisions"}],"predecessor-version":[{"id":1007,"href":"https:\/\/yves-oloume.com\/fr\/wp-json\/wp\/v2\/pages\/1003\/revisions\/1007"}],"wp:attachment":[{"href":"https:\/\/yves-oloume.com\/fr\/wp-json\/wp\/v2\/media?parent=1003"}],"curies":[{"name":"wp","href":"https:\/\/api.w.org\/{rel}","templated":true}]}}